{"id":21,"date":"2019-06-05T20:02:47","date_gmt":"2019-06-05T23:02:47","guid":{"rendered":"https:\/\/guardioesdotransito.com.br\/recursodemulta\/?page_id=21"},"modified":"2022-06-18T12:36:13","modified_gmt":"2022-06-18T15:36:13","slug":"recurso-multa-da-lei-seca","status":"publish","type":"page","link":"https:\/\/guardioesdotransito.com.br\/recursodemulta\/recurso-multa-da-lei-seca\/","title":{"rendered":"Recurso Multa da Lei Seca"},"content":{"rendered":"<p><!--more--><div class=\"su-note\"  style=\"border-color:#dcdcdc;border-radius:3px;-moz-border-radius:3px;-webkit-border-radius:3px;\"><div class=\"su-note-inner su-u-clearfix su-u-trim\" style=\"background-color:#f6f6f6;border-color:#ffffff;color:#333333;border-radius:3px;-moz-border-radius:3px;-webkit-border-radius:3px;\">\n<p>Foi autuado na\u00a0 Lei Seca? Fale com nossa equipe e conhe\u00e7a as chances de reverter e cancelar a sua multa.<br \/>\n<a href=\"https:\/\/guardioesdotransito.com.br\/recursodemulta\/contato\/\">Clique aqui<\/a> e solicite an\u00e1lise de sua multa e <a href=\"https:\/\/guardioesdotransito.com.br\/recursodemulta\/contato\/\">or\u00e7amento para elaborar e acompanhar seu recurso<\/a>.<\/p>\n<\/div><\/div>\n<h2><strong>LEI SECA<\/strong><\/h2>\n<hr \/>\n<p>A Lei Seca \u00e9 considerada atualmente, como umas das multas mais graves existente no c\u00f3digo de transito brasileiro.<br \/>\nTrata-se de uma infra\u00e7\u00e3o mandat\u00f3ria, cuja suas penalidades s\u00e3o:<\/p>\n<p>&#8211; 07 pontos no prontu\u00e1rio do condutor;<br \/>\n&#8211; Processo de suspens\u00e3o pelo per\u00edodo de 12 meses;<br \/>\n&#8211; Pagamento do valor de R$ 2.934,70.<\/p>\n<hr \/>\n<p>A <strong>Guardi\u00f5es do Tr\u00e2nsito<\/strong> atua com elabora\u00e7\u00e3o de recurso e consultoria em penalidades de tr\u00e2nsito, especialmente em Lei Seca.<br \/>\nNossos t\u00e9cnicos tem grande experi\u00eancia em recurso em processos de suspens\u00e3o, processos de cassa\u00e7\u00e3o e recurso em multas Lei Seca.<br \/>\nNossos recursos visam, sobretudo, evitar que erros, v\u00edcios e irregularidades passem despercebidos, gerando penalidades indevidas e consequ\u00eancias dr\u00e1sticas na vida do condutor.<br \/>\nAtendemos pessoas f\u00edsicas e jur\u00eddicas e trabalhamos com embasamento t\u00e9cnico-jur\u00eddico na legisla\u00e7\u00e3o de tr\u00e2nsito brasileira, com atualiza\u00e7\u00e3o e treinamento constante de nossos t\u00e9cnico.<\/p>\n<hr \/>\n<p><strong><span style=\"color: #993300;\">Importante: uma vez que o prazo ocorre \u00e0 revelia (ou seja, caso haja perda de prazo), a qualquer momento, o condutor ser\u00e1 notificado da instaura\u00e7\u00e3o do processo administrativo de suspens\u00e3o da CNH.<\/span><\/strong><\/p>\n<hr \/>\n<div class=\"su-spoiler su-spoiler-style-fancy su-spoiler-icon-arrow su-spoiler-closed\" data-scroll-offset=\"0\" data-anchor-in-url=\"no\"><div class=\"su-spoiler-title\" tabindex=\"0\" role=\"button\"><span class=\"su-spoiler-icon\"><\/span><strong>Saiba Mais Sobre Lei Seca<\/strong><\/div><div class=\"su-spoiler-content su-u-clearfix su-u-trim\">\n<p>Saiba mais sobre recurso Lei Seca:<\/p>\n<p>1 \u2013 OPERA\u00c7\u00c3O LEI SECA (ART. 165 CTB)<\/p>\n<p><strong>Art. 165<\/strong><\/p>\n<p>Dirigir sob a influ\u00eancia de \u00e1lcool ou de qualquer outra subst\u00e2ncia psicoativa que determine depend\u00eancia:<br \/>\nInfra\u00e7\u00e3o \u2013 grav\u00edssima;<br \/>\nPenalidade \u2013 multa (dez vezes) e suspens\u00e3o do direito de dirigir por 12 (doze) meses.<br \/>\nMedida administrativa \u2013 recolhimento do documento de habilita\u00e7\u00e3o e reten\u00e7\u00e3o do ve\u00edculo, observado o disposto no \u00a7 4\u00ba do art. 270 da Lei no 9.503, de 23 de setembro de 1997 \u2013 do C\u00f3digo de Tr\u00e2nsito Brasileiro.<br \/>\nPar\u00e1grafo \u00fanico. Aplica-se em dobro a multa prevista no caput em caso de reincid\u00eancia no per\u00edodo de at\u00e9 12 (doze) meses.<\/p>\n<p><strong>Art. 165-A:<\/strong><\/p>\n<p>Recusar-se a ser submetido a teste, exame cl\u00ednico, per\u00edcia ou outro procedimento que permita certificar influ\u00eancia de \u00e1lcool ou outra subst\u00e2ncia psicoativa, na forma estabelecida pelo art. 277:<br \/>\nInfra\u00e7\u00e3o \u2013 grav\u00edssima;<br \/>\nPenalidade \u2013 multa (dez vezes) e suspens\u00e3o do direito de dirigir por 12 (doze) meses;<br \/>\nMedida administrativa \u2013 recolhimento do documento de habilita\u00e7\u00e3o e reten\u00e7\u00e3o do ve\u00edculo, observado o disposto no \u00a7 4\u00ba do art. 270.<br \/>\nPar\u00e1grafo \u00fanico. Aplica-se em dobro a multa prevista no caput em caso de reincid\u00eancia no per\u00edodo de at\u00e9 12 (doze) meses.<\/p>\n<p><strong>Algumas Informa\u00e7\u00f5es Importantes sobre a Lei Seca<\/strong>:<\/p>\n<p>O recolhimento da CNH durante a Opera\u00e7\u00e3o Lei Seca \u00e9 apenas uma medida administrativa e, em 5 (cinco) dias \u00fateis, o documento estar\u00e1 dispon\u00edvel na sede do DETRAN\/RJ, para ser devolvido ao condutor. Para recuperar a CNH, o condutor deve comparecer ao N\u00facleo de Documentos Acautelados \u2013 NUDA \u2013 no Acesso 4 \/ sobreloja da sede do DETRAN\/RJ, munido de documento de identifica\u00e7\u00e3o com foto.<\/p>\n<p><strong>Das penalidades da infra\u00e7\u00e3o<\/strong>:<\/p>\n<p>A multa da Lei Seca gera 3 penalidades, s\u00e3o elas:<br \/>\n1\u00aa- 7 pontos na CNH<br \/>\n2\u00aa \u2013 valor de R$2.934,70 (o pagamento da multa n\u00e3o isentar\u00e1 as demais penalidades)<br \/>\n3\u00aa \u2013 PROCESSO DE SUSPENS\u00c3O NA CNH POR 12 MESES<\/p>\n<p><strong>Sobre o valor da infra\u00e7\u00e3o:<\/strong><\/p>\n<p>O valor de qualquer multa prevista no C\u00f3digo de Tr\u00e2nsito Brasileiro \u00e9 definido conforme a natureza da infra\u00e7\u00e3o cometida. Conforme o artigo 165, dirigir sob a influ\u00eancia de \u00e1lcool \u00e9 uma infra\u00e7\u00e3o de natureza grav\u00edssima sendo ela agravada para valor R$2.934,70.<\/p>\n<p><strong>Das etapas de recurso<\/strong>:<\/p>\n<p>A infra\u00e7\u00e3o nos possibilita contesta-la em 03 (tr\u00eas) etapas:<br \/>\nDefesa Pr\u00e9via (autua\u00e7\u00e3o);<br \/>\n1\u00aa Inst\u00e2ncia (Junta Administrativa \u2013 Jari);<br \/>\n2\u00aa Inst\u00e2ncia (CONSELHO ESTADUAL DE TR\u00c2NSITO \u2013 CETRAN).<\/p>\n<p><strong>Fique atento:<br \/>\n<\/strong><\/p>\n<p>A infra\u00e7\u00e3o da Lei seca \u00e9 uma multa mandat\u00f3ria que al\u00e9m do valor (agressivo) e 7 pontos na CNH gera um processo de suspens\u00e3o da CNH pelo per\u00edodo de 12 meses, tornando-se uma das multas mais indesejadas do CTB (C\u00f3digo de Tr\u00e2nsito Brasileiro). O condutor autuado na Lei Seca tem direito a contesta\u00e7\u00e3o da mesma podendo assim tentar evitar a PENALIDADE DE SUSPENS\u00c3O DA CNH! Nossa equipe especializada trabalha \u00fanica e exclusivamente com recursos administrativos atrav\u00e9s de an\u00e1lises t\u00e9cnicas e tamb\u00e9m utilizando nossos direitos e deveres do \u00f3rg\u00e3o competente, sendo assim fugindo das convencionais justificativas!<br \/>\nPor isso \u00e9 importante a defesa com o recurso t\u00e9cnico elaborado<strong>.<br \/>\n<\/strong><strong>Fale\u00a0 hoje mesmo com a Guardi\u00f5es do Tr\u00e2nsito e recorra j\u00e1!<\/strong><\/p>\n<\/div><\/div>\n<div class=\"su-spoiler su-spoiler-style-fancy su-spoiler-icon-arrow su-spoiler-closed\" data-scroll-offset=\"0\" data-anchor-in-url=\"no\"><div class=\"su-spoiler-title\" tabindex=\"0\" role=\"button\"><span class=\"su-spoiler-icon\"><\/span><strong>Lei Seca Como Recorrer?<\/strong><\/div><div class=\"su-spoiler-content su-u-clearfix su-u-trim\">\n<ul>\n<li>Entre em contato com\u00a0 Guardi\u00f5es do Tr\u00e2nsito<\/li>\n<li>Nossa equipe far\u00e1 uma an\u00e1lise minunciosa de seu caso<\/li>\n<li>Havendo chante real de recurso, n\u00f3s damos entrada imediada apos sua autoriza\u00e7\u00e3o<\/li>\n<li>Acompanhamos seu recurso semanalmente e faremos todos os procedimentos t\u00e9cnicos e cumprimentos de exig\u00eancias<\/li>\n<\/ul>\n<p>Nossa atua\u00e7\u00e3o: atuamos no <strong>Rio de Janeiro<\/strong>, <strong>Petr\u00f3polis<\/strong> e <strong>demais cidades da Regi\u00e3o Serrana<\/strong>, com atendimento em tempo real pelos telefones e Whatsapp.<br \/>\n<strong>N\u00e3o perca mais tempo: fale online com nossa equipe e recorra j\u00e1!<\/strong><\/p>\n<\/div><\/div>\n<hr \/>\n<p><strong><a href=\"https:\/\/guardioesdotransito.com.br\/recursodemulta\/perguntas-mais-frequentes\/\">Fale com a Guardi\u00f5es do Tr\u00e2nsito<\/a>: somos especializados em recurso de multa Lei Seca!<\/strong><\/p>\n<hr \/>\n<blockquote><p><strong><a href=\"https:\/\/guardioesdotransito.com.br\/recursodemulta\/perguntas-mais-frequentes\/\">Fornecemos sem compromisso an\u00e1lise sobre as chances reais de seu recurso<\/a>.<\/strong><\/p><\/blockquote>\n<div id=\"su_slider_69e4eb2c36622\" class=\"su-slider su-slider-pages-no su-slider-responsive-yes su-lightbox-gallery\" style=\"width:100%\" data-autoplay=\"3000\" data-speed=\"600\" data-mousewheel=\"true\"><div class=\"su-slider-slides\"><div class=\"su-slider-slide\"><a href=\"https:\/\/guardioesdotransito.com.br\/recursodemulta\/wp-content\/uploads\/2022\/06\/guardioes.jpg\"  title=\"Guardi\u00f5es do tr\u00e2nsito  Recurso de Multa RJ Recorrer Multas de Tr\u00e2nsito Guardi\u00f5es do Tr\u00e2nsito\"><img decoding=\"async\" src=\"https:\/\/guardioesdotransito.com.br\/recursodemulta\/wp-content\/uploads\/2022\/06\/guardioes-620x300.jpg\" alt=\"Guardi\u00f5es do tr\u00e2nsito  Recurso de Multa RJ Recorrer Multas de Tr\u00e2nsito Guardi\u00f5es do Tr\u00e2nsito\" \/><\/a><\/div><div class=\"su-slider-slide\"><a href=\"https:\/\/guardioesdotransito.com.br\/recursodemulta\/wp-content\/uploads\/2022\/06\/recorrer-lei-seca.jpg\"  title=\"Recurso de Multa Guardi\u00f5es do Tr\u00e2nsito\"><img decoding=\"async\" src=\"https:\/\/guardioesdotransito.com.br\/recursodemulta\/wp-content\/uploads\/2022\/06\/recorrer-lei-seca-620x300.jpg\" alt=\"Recurso de Multa Guardi\u00f5es do Tr\u00e2nsito\" \/><\/a><\/div><div class=\"su-slider-slide\"><a href=\"https:\/\/guardioesdotransito.com.br\/recursodemulta\/wp-content\/uploads\/2022\/06\/recorrer-de-multa3.jpg\"  title=\"Recorrer multas graves de tr\u00e2nsito\"><img decoding=\"async\" src=\"https:\/\/guardioesdotransito.com.br\/recursodemulta\/wp-content\/uploads\/2022\/06\/recorrer-de-multa3-620x300.jpg\" alt=\"Recorrer multas graves de tr\u00e2nsito\" \/><\/a><\/div><div class=\"su-slider-slide\"><a href=\"https:\/\/guardioesdotransito.com.br\/recursodemulta\/wp-content\/uploads\/2022\/06\/recorrer-de-multa2.jpg\"  title=\"Recorrer multas graves de tr\u00e2nsito\"><img decoding=\"async\" src=\"https:\/\/guardioesdotransito.com.br\/recursodemulta\/wp-content\/uploads\/2022\/06\/recorrer-de-multa2-620x300.jpg\" alt=\"Recorrer multas graves de tr\u00e2nsito\" \/><\/a><\/div><div class=\"su-slider-slide\"><a href=\"https:\/\/guardioesdotransito.com.br\/recursodemulta\/wp-content\/uploads\/2022\/06\/recorrer-de-multa0.jpg\"  title=\"Recorrer Multas de Tr\u00e2nsito Guardi\u00f5es do Tr\u00e2nsito\"><img decoding=\"async\" src=\"https:\/\/guardioesdotransito.com.br\/recursodemulta\/wp-content\/uploads\/2022\/06\/recorrer-de-multa0-620x300.jpg\" alt=\"Recorrer Multas de Tr\u00e2nsito Guardi\u00f5es do Tr\u00e2nsito\" \/><\/a><\/div><div class=\"su-slider-slide\"><a href=\"https:\/\/guardioesdotransito.com.br\/recursodemulta\/wp-content\/uploads\/2022\/06\/recorrer-de-multa.jpg\"  title=\"Recorrer Multas de Tr\u00e2nsito Guardi\u00f5es do Tr\u00e2nsito\"><img decoding=\"async\" src=\"https:\/\/guardioesdotransito.com.br\/recursodemulta\/wp-content\/uploads\/2022\/06\/recorrer-de-multa-620x300.jpg\" alt=\"Recorrer Multas de Tr\u00e2nsito Guardi\u00f5es do Tr\u00e2nsito\" \/><\/a><\/div><\/div><div class=\"su-slider-nav\"><div class=\"su-slider-direction\"><span class=\"su-slider-prev\"><\/span><span class=\"su-slider-next\"><\/span><\/div><div class=\"su-slider-pagination\"><\/div><\/div><\/div>\n<p>&nbsp;<\/p>\n<p>&nbsp;<\/p>\n","protected":false},"excerpt":{"rendered":"","protected":false},"author":1,"featured_media":1301,"parent":0,"menu_order":0,"comment_status":"closed","ping_status":"closed","template":"page-templates\/template-services.php","meta":{"footnotes":"","_links_to":"","_links_to_target":""},"class_list":["post-21","page","type-page","status-publish","has-post-thumbnail","hentry"],"yoast_head":"<!-- This site is optimized with the Yoast SEO plugin v26.7 - https:\/\/yoast.com\/wordpress\/plugins\/seo\/ -->\n<title>Recurso Multa da Lei Seca - Guardi\u00f5es do tr\u00e2nsito<\/title>\n<meta name=\"description\" content=\"Recurso de Multa Lei Seca, Recursos em processo de Cassa\u00e7\u00e3o de CNH e Suspen\u00e7\u00e3o de CNH e Contensta\u00e7\u00e3o de multas de transito\" \/>\n<meta name=\"robots\" content=\"index, follow, max-snippet:-1, max-image-preview:large, max-video-preview:-1\" \/>\n<link rel=\"canonical\" href=\"https:\/\/guardioesdotransito.com.br\/recursodemulta\/recurso-multa-da-lei-seca\/\" \/>\n<meta property=\"og:locale\" content=\"pt_BR\" \/>\n<meta property=\"og:type\" content=\"article\" \/>\n<meta property=\"og:title\" content=\"Recurso Multa da Lei Seca - Guardi\u00f5es do tr\u00e2nsito\" \/>\n<meta property=\"og:description\" content=\"Recurso de Multa Lei Seca, Recursos em processo de Cassa\u00e7\u00e3o de CNH e Suspen\u00e7\u00e3o de CNH e Contensta\u00e7\u00e3o de multas de transito\" \/>\n<meta property=\"og:url\" content=\"https:\/\/guardioesdotransito.com.br\/recursodemulta\/recurso-multa-da-lei-seca\/\" \/>\n<meta property=\"og:site_name\" content=\"Guardi\u00f5es do tr\u00e2nsito\" \/>\n<meta property=\"article:publisher\" content=\"https:\/\/www.facebook.com\/gtassuntosdetransito\/\" \/>\n<meta property=\"article:modified_time\" content=\"2022-06-18T15:36:13+00:00\" \/>\n<meta property=\"og:image\" content=\"https:\/\/guardioesdotransito.com.br\/recursodemulta\/wp-content\/uploads\/2022\/06\/recorrer-de-multa.jpg\" \/>\n\t<meta property=\"og:image:width\" content=\"1920\" \/>\n\t<meta property=\"og:image:height\" content=\"930\" \/>\n\t<meta property=\"og:image:type\" content=\"image\/jpeg\" \/>\n<meta name=\"twitter:card\" content=\"summary_large_image\" \/>\n<meta name=\"twitter:label1\" content=\"Est. tempo de leitura\" \/>\n\t<meta name=\"twitter:data1\" content=\"5 minutos\" \/>\n<script type=\"application\/ld+json\" class=\"yoast-schema-graph\">{\"@context\":\"https:\/\/schema.org\",\"@graph\":[{\"@type\":\"WebPage\",\"@id\":\"https:\/\/guardioesdotransito.com.br\/recursodemulta\/recurso-multa-da-lei-seca\/\",\"url\":\"https:\/\/guardioesdotransito.com.br\/recursodemulta\/recurso-multa-da-lei-seca\/\",\"name\":\"Recurso Multa da Lei Seca - Guardi\u00f5es do tr\u00e2nsito\",\"isPartOf\":{\"@id\":\"https:\/\/guardioesdotransito.com.br\/recursodemulta\/#website\"},\"primaryImageOfPage\":{\"@id\":\"https:\/\/guardioesdotransito.com.br\/recursodemulta\/recurso-multa-da-lei-seca\/#primaryimage\"},\"image\":{\"@id\":\"https:\/\/guardioesdotransito.com.br\/recursodemulta\/recurso-multa-da-lei-seca\/#primaryimage\"},\"thumbnailUrl\":\"https:\/\/guardioesdotransito.com.br\/recursodemulta\/wp-content\/uploads\/2022\/06\/recorrer-de-multa.jpg\",\"datePublished\":\"2019-06-05T23:02:47+00:00\",\"dateModified\":\"2022-06-18T15:36:13+00:00\",\"description\":\"Recurso de Multa Lei Seca, Recursos em processo de Cassa\u00e7\u00e3o de CNH e Suspen\u00e7\u00e3o de CNH e Contensta\u00e7\u00e3o de multas de transito\",\"breadcrumb\":{\"@id\":\"https:\/\/guardioesdotransito.com.br\/recursodemulta\/recurso-multa-da-lei-seca\/#breadcrumb\"},\"inLanguage\":\"pt-BR\",\"potentialAction\":[{\"@type\":\"ReadAction\",\"target\":[\"https:\/\/guardioesdotransito.com.br\/recursodemulta\/recurso-multa-da-lei-seca\/\"]}]},{\"@type\":\"ImageObject\",\"inLanguage\":\"pt-BR\",\"@id\":\"https:\/\/guardioesdotransito.com.br\/recursodemulta\/recurso-multa-da-lei-seca\/#primaryimage\",\"url\":\"https:\/\/guardioesdotransito.com.br\/recursodemulta\/wp-content\/uploads\/2022\/06\/recorrer-de-multa.jpg\",\"contentUrl\":\"https:\/\/guardioesdotransito.com.br\/recursodemulta\/wp-content\/uploads\/2022\/06\/recorrer-de-multa.jpg\",\"width\":1920,\"height\":930,\"caption\":\"Recorrer Multas de Tr\u00e2nsito Guardi\u00f5es do Tr\u00e2nsito\"},{\"@type\":\"BreadcrumbList\",\"@id\":\"https:\/\/guardioesdotransito.com.br\/recursodemulta\/recurso-multa-da-lei-seca\/#breadcrumb\",\"itemListElement\":[{\"@type\":\"ListItem\",\"position\":1,\"name\":\"In\u00edcio\",\"item\":\"https:\/\/guardioesdotransito.com.br\/recursodemulta\/\"},{\"@type\":\"ListItem\",\"position\":2,\"name\":\"Recurso Multa da Lei Seca\"}]},{\"@type\":\"WebSite\",\"@id\":\"https:\/\/guardioesdotransito.com.br\/recursodemulta\/#website\",\"url\":\"https:\/\/guardioesdotransito.com.br\/recursodemulta\/\",\"name\":\"Guardi\u00f5es do tr\u00e2nsito\",\"description\":\"Recurso de Multas\",\"publisher\":{\"@id\":\"https:\/\/guardioesdotransito.com.br\/recursodemulta\/#organization\"},\"potentialAction\":[{\"@type\":\"SearchAction\",\"target\":{\"@type\":\"EntryPoint\",\"urlTemplate\":\"https:\/\/guardioesdotransito.com.br\/recursodemulta\/?s={search_term_string}\"},\"query-input\":{\"@type\":\"PropertyValueSpecification\",\"valueRequired\":true,\"valueName\":\"search_term_string\"}}],\"inLanguage\":\"pt-BR\"},{\"@type\":\"Organization\",\"@id\":\"https:\/\/guardioesdotransito.com.br\/recursodemulta\/#organization\",\"name\":\"Guardi\u00f5es do Tr\u00e2nsito\",\"url\":\"https:\/\/guardioesdotransito.com.br\/recursodemulta\/\",\"logo\":{\"@type\":\"ImageObject\",\"inLanguage\":\"pt-BR\",\"@id\":\"https:\/\/guardioesdotransito.com.br\/recursodemulta\/#\/schema\/logo\/image\/\",\"url\":\"https:\/\/guardioesdotransito.com.br\/recursodemulta\/wp-content\/uploads\/2019\/02\/logomedioblack.png\",\"contentUrl\":\"https:\/\/guardioesdotransito.com.br\/recursodemulta\/wp-content\/uploads\/2019\/02\/logomedioblack.png\",\"width\":192,\"height\":160,\"caption\":\"Guardi\u00f5es do Tr\u00e2nsito\"},\"image\":{\"@id\":\"https:\/\/guardioesdotransito.com.br\/recursodemulta\/#\/schema\/logo\/image\/\"},\"sameAs\":[\"https:\/\/www.facebook.com\/gtassuntosdetransito\/\",\"https:\/\/www.instagram.com\/gtassuntosdetransito\/\"]}]}<\/script>\n<!-- \/ Yoast SEO plugin. -->","yoast_head_json":{"title":"Recurso Multa da Lei Seca - Guardi\u00f5es do tr\u00e2nsito","description":"Recurso de Multa Lei Seca, Recursos em processo de Cassa\u00e7\u00e3o de CNH e Suspen\u00e7\u00e3o de CNH e Contensta\u00e7\u00e3o de multas de transito","robots":{"index":"index","follow":"follow","max-snippet":"max-snippet:-1","max-image-preview":"max-image-preview:large","max-video-preview":"max-video-preview:-1"},"canonical":"https:\/\/guardioesdotransito.com.br\/recursodemulta\/recurso-multa-da-lei-seca\/","og_locale":"pt_BR","og_type":"article","og_title":"Recurso Multa da Lei Seca - Guardi\u00f5es do tr\u00e2nsito","og_description":"Recurso de Multa Lei Seca, Recursos em processo de Cassa\u00e7\u00e3o de CNH e Suspen\u00e7\u00e3o de CNH e Contensta\u00e7\u00e3o de multas de transito","og_url":"https:\/\/guardioesdotransito.com.br\/recursodemulta\/recurso-multa-da-lei-seca\/","og_site_name":"Guardi\u00f5es do tr\u00e2nsito","article_publisher":"https:\/\/www.facebook.com\/gtassuntosdetransito\/","article_modified_time":"2022-06-18T15:36:13+00:00","og_image":[{"width":1920,"height":930,"url":"https:\/\/guardioesdotransito.com.br\/recursodemulta\/wp-content\/uploads\/2022\/06\/recorrer-de-multa.jpg","type":"image\/jpeg"}],"twitter_card":"summary_large_image","twitter_misc":{"Est. tempo de leitura":"5 minutos"},"schema":{"@context":"https:\/\/schema.org","@graph":[{"@type":"WebPage","@id":"https:\/\/guardioesdotransito.com.br\/recursodemulta\/recurso-multa-da-lei-seca\/","url":"https:\/\/guardioesdotransito.com.br\/recursodemulta\/recurso-multa-da-lei-seca\/","name":"Recurso Multa da Lei Seca - Guardi\u00f5es do tr\u00e2nsito","isPartOf":{"@id":"https:\/\/guardioesdotransito.com.br\/recursodemulta\/#website"},"primaryImageOfPage":{"@id":"https:\/\/guardioesdotransito.com.br\/recursodemulta\/recurso-multa-da-lei-seca\/#primaryimage"},"image":{"@id":"https:\/\/guardioesdotransito.com.br\/recursodemulta\/recurso-multa-da-lei-seca\/#primaryimage"},"thumbnailUrl":"https:\/\/guardioesdotransito.com.br\/recursodemulta\/wp-content\/uploads\/2022\/06\/recorrer-de-multa.jpg","datePublished":"2019-06-05T23:02:47+00:00","dateModified":"2022-06-18T15:36:13+00:00","description":"Recurso de Multa Lei Seca, Recursos em processo de Cassa\u00e7\u00e3o de CNH e Suspen\u00e7\u00e3o de CNH e Contensta\u00e7\u00e3o de multas de transito","breadcrumb":{"@id":"https:\/\/guardioesdotransito.com.br\/recursodemulta\/recurso-multa-da-lei-seca\/#breadcrumb"},"inLanguage":"pt-BR","potentialAction":[{"@type":"ReadAction","target":["https:\/\/guardioesdotransito.com.br\/recursodemulta\/recurso-multa-da-lei-seca\/"]}]},{"@type":"ImageObject","inLanguage":"pt-BR","@id":"https:\/\/guardioesdotransito.com.br\/recursodemulta\/recurso-multa-da-lei-seca\/#primaryimage","url":"https:\/\/guardioesdotransito.com.br\/recursodemulta\/wp-content\/uploads\/2022\/06\/recorrer-de-multa.jpg","contentUrl":"https:\/\/guardioesdotransito.com.br\/recursodemulta\/wp-content\/uploads\/2022\/06\/recorrer-de-multa.jpg","width":1920,"height":930,"caption":"Recorrer Multas de Tr\u00e2nsito Guardi\u00f5es do Tr\u00e2nsito"},{"@type":"BreadcrumbList","@id":"https:\/\/guardioesdotransito.com.br\/recursodemulta\/recurso-multa-da-lei-seca\/#breadcrumb","itemListElement":[{"@type":"ListItem","position":1,"name":"In\u00edcio","item":"https:\/\/guardioesdotransito.com.br\/recursodemulta\/"},{"@type":"ListItem","position":2,"name":"Recurso Multa da Lei Seca"}]},{"@type":"WebSite","@id":"https:\/\/guardioesdotransito.com.br\/recursodemulta\/#website","url":"https:\/\/guardioesdotransito.com.br\/recursodemulta\/","name":"Guardi\u00f5es do tr\u00e2nsito","description":"Recurso de Multas","publisher":{"@id":"https:\/\/guardioesdotransito.com.br\/recursodemulta\/#organization"},"potentialAction":[{"@type":"SearchAction","target":{"@type":"EntryPoint","urlTemplate":"https:\/\/guardioesdotransito.com.br\/recursodemulta\/?s={search_term_string}"},"query-input":{"@type":"PropertyValueSpecification","valueRequired":true,"valueName":"search_term_string"}}],"inLanguage":"pt-BR"},{"@type":"Organization","@id":"https:\/\/guardioesdotransito.com.br\/recursodemulta\/#organization","name":"Guardi\u00f5es do Tr\u00e2nsito","url":"https:\/\/guardioesdotransito.com.br\/recursodemulta\/","logo":{"@type":"ImageObject","inLanguage":"pt-BR","@id":"https:\/\/guardioesdotransito.com.br\/recursodemulta\/#\/schema\/logo\/image\/","url":"https:\/\/guardioesdotransito.com.br\/recursodemulta\/wp-content\/uploads\/2019\/02\/logomedioblack.png","contentUrl":"https:\/\/guardioesdotransito.com.br\/recursodemulta\/wp-content\/uploads\/2019\/02\/logomedioblack.png","width":192,"height":160,"caption":"Guardi\u00f5es do Tr\u00e2nsito"},"image":{"@id":"https:\/\/guardioesdotransito.com.br\/recursodemulta\/#\/schema\/logo\/image\/"},"sameAs":["https:\/\/www.facebook.com\/gtassuntosdetransito\/","https:\/\/www.instagram.com\/gtassuntosdetransito\/"]}]}},"_links":{"self":[{"href":"https:\/\/guardioesdotransito.com.br\/recursodemulta\/wp-json\/wp\/v2\/pages\/21","targetHints":{"allow":["GET"]}}],"collection":[{"href":"https:\/\/guardioesdotransito.com.br\/recursodemulta\/wp-json\/wp\/v2\/pages"}],"about":[{"href":"https:\/\/guardioesdotransito.com.br\/recursodemulta\/wp-json\/wp\/v2\/types\/page"}],"author":[{"embeddable":true,"href":"https:\/\/guardioesdotransito.com.br\/recursodemulta\/wp-json\/wp\/v2\/users\/1"}],"replies":[{"embeddable":true,"href":"https:\/\/guardioesdotransito.com.br\/recursodemulta\/wp-json\/wp\/v2\/comments?post=21"}],"version-history":[{"count":28,"href":"https:\/\/guardioesdotransito.com.br\/recursodemulta\/wp-json\/wp\/v2\/pages\/21\/revisions"}],"predecessor-version":[{"id":1323,"href":"https:\/\/guardioesdotransito.com.br\/recursodemulta\/wp-json\/wp\/v2\/pages\/21\/revisions\/1323"}],"wp:featuredmedia":[{"embeddable":true,"href":"https:\/\/guardioesdotransito.com.br\/recursodemulta\/wp-json\/wp\/v2\/media\/1301"}],"wp:attachment":[{"href":"https:\/\/guardioesdotransito.com.br\/recursodemulta\/wp-json\/wp\/v2\/media?parent=21"}],"curies":[{"name":"wp","href":"https:\/\/api.w.org\/{rel}","templated":true}]}}