{"id":26,"date":"2019-06-04T20:19:10","date_gmt":"2019-06-04T23:19:10","guid":{"rendered":"https:\/\/guardioesdotransito.com.br\/recursodemulta\/?page_id=26"},"modified":"2022-06-18T12:37:31","modified_gmt":"2022-06-18T15:37:31","slug":"suspensao-da-cnh","status":"publish","type":"page","link":"https:\/\/guardioesdotransito.com.br\/recursodemulta\/suspensao-da-cnh\/","title":{"rendered":"Suspens\u00e3o da CNH"},"content":{"rendered":"<p><!--more--><div class=\"su-note\"  style=\"border-color:#dcdcdc;border-radius:3px;-moz-border-radius:3px;-webkit-border-radius:3px;\"><div class=\"su-note-inner su-u-clearfix su-u-trim\" style=\"background-color:#f6f6f6;border-color:#ffffff;color:#333333;border-radius:3px;-moz-border-radius:3px;-webkit-border-radius:3px;\">\n<p>Sua CNH foi suspensa? Somos especializados em recursos administrativos visando reverter a suspens\u00e3o de sua carteira.<br \/>\n<a href=\"https:\/\/guardioesdotransito.com.br\/recursodemulta\/contato\/\">Clique aqui<\/a> e solicite an\u00e1lise de sua multa e <a href=\"https:\/\/guardioesdotransito.com.br\/recursodemulta\/contato\/\">or\u00e7amento para elaborar e acompanhar seu recurso<\/a><strong>.<\/strong><\/p>\n<\/div><\/div>\n<hr \/>\n<h2><strong>Suspens\u00e3o da CNH<\/strong><\/h2>\n<p>Afetando duramente a rotina de um condutor, a penalidade suspende ao direito de dirigir, sendo aplicada quando o condutor alcan\u00e7a, em periodo de doze meses, 20 pontos em infra\u00e7\u00f5es de tr\u00e2nsito somadas ou, independente da pontua\u00e7\u00e3o, ser autuado com multas de natureza suspensiva.<br \/>\nA penalidade de suspens\u00e3o do direito de dirigir ser\u00e1 aplicada nas seguintes condi\u00e7\u00f5es:<\/p>\n<p><strong>SUSPENS\u00c3O POR SOMA DA PONTUA\u00c7\u00c3O REGISTRADA NA CNH:<\/strong><\/p>\n<p>&#8211; Cada infra\u00e7\u00e3o possui uma pontua\u00e7\u00e3o (7, 5, 4, 3). Sendo assim sempre que o condutor infrator ou propriet\u00e1rio do ve\u00edculo atingir 20 pontos ou mais(isto \u00e9, a soma das infra\u00e7\u00f5es) na CNH (Carteira Nacional de Habilita\u00e7\u00e3o), no per\u00edodo de 12 meses, ser\u00e1 instaurado o Processo de Suspens\u00e3o.<\/p>\n<p><strong>SUSPENS\u00c3O POR INFRA\u00c7\u00d5ES QUE POR SI S\u00d3 PREVEEM A SUSPENS\u00c3O<\/strong>:<\/p>\n<p>&#8211; Existem infra\u00e7\u00f5es que, de forma especifica, preveem a penalidade de suspens\u00e3o do direito de dirigir. Essas infra\u00e7\u00f5es s\u00e3o grav\u00edssimas e est\u00e3o estabelecidas no C\u00f3digo de Tr\u00e2nsito Brasileiro, como, por exemplo, conduzir ve\u00edculo sob a influ\u00eancia de \u00e1lcool (art. 165 do CTB).<\/p>\n<hr \/>\n<p><b>Se sua CNH foi suspensa, <\/b><a style=\"font-weight: bold;\" href=\"https:\/\/guardioesdotransito.com.br\/recursodemulta\/perguntas-mais-frequentes\/\">entre em contato com a Guardi\u00f5es do Tr\u00e2nsito<\/a><b> agora mesmo:<\/b><br \/>\n<b>recorremos e damos completo acompanhamento a seu processo de suspens\u00e3o ou cassa\u00e7\u00e3o da sua CNH!<\/b><\/p>\n<hr \/>\n<blockquote><p><strong>Recorrer \u00e9 um direito seu: <a href=\"https:\/\/guardioesdotransito.com.br\/recursodemulta\/contato\/\">fale conosco e recorra j\u00e1<\/a>!<\/strong><\/p>\n<hr \/>\n<\/blockquote>\n<div class=\"su-spoiler su-spoiler-style-fancy su-spoiler-icon-arrow su-spoiler-closed\" data-scroll-offset=\"0\" data-anchor-in-url=\"no\"><div class=\"su-spoiler-title\" tabindex=\"0\" role=\"button\"><span class=\"su-spoiler-icon\"><\/span>Saiba Mais Sobre Cassa\u00e7\u00e3o da CNH<\/div><div class=\"su-spoiler-content su-u-clearfix su-u-trim\">\n<p><strong>A PENALIDADE DE CASSA\u00c7\u00c3O DA CARTEIRA NACIONAL DE HABILITA\u00c7\u00c3O SER\u00c1 APLICADA NAS SEGUINTES SITUA\u00c7\u00d5ES:<\/strong><\/p>\n<p>Quando, suspenso o direito de dirigir, e o infrator conduzir qualquer ve\u00edculo.<br \/>\n&#8211; O infrator, n\u00e3o pode dirigir, durante o seu per\u00edodo de suspens\u00e3o ( prazo estabelecido no devido processo administrativo).<br \/>\nNo caso de reincid\u00eancia.<br \/>\n&#8211; Ocorre quando o infrator \u00e9 autuado, e dentro do prazo de doze meses, \u00e9 reincidente nas infra\u00e7\u00f5es previstas no inciso III do art.162 e nos arts.163,164,165,173,174 e 175.?A reincid\u00eancia \u00e9 na mesma infra\u00e7\u00e3o.<\/p>\n<p>Quando condenado judicialmente por delito de tr\u00e2nsito, observado o disposto no art.160.<br \/>\nA instaura\u00e7\u00e3o do processo e a notifica\u00e7\u00e3o s\u00e3o cumpridas em um \u00fanico ato administrativo, por meio de notifica\u00e7\u00e3o expedida ao infrator por remessa postal ou por outros meios, desde que assegurada sua ci\u00eancia, por exemplo, publica\u00e7\u00e3o em Di\u00e1rio Oficial.<\/p>\n<p><span style=\"color: #993300;\"><strong>Cabe ressaltar a import\u00e2ncia de manter atualizado o endere\u00e7o no cadastro do DETRAN\/RJ, pois as notifica\u00e7\u00f5es n\u00e3o recebidas por endere\u00e7o desatualizado ou n\u00e3o localizado implicar\u00e1 na publica\u00e7\u00e3o no Di\u00e1rio Oficial para assegurar o direito \u00e0 ampla defesa.<\/strong><\/span><\/p>\n<\/div><\/div>\n<p>&nbsp;<\/p>\n<blockquote><p><strong><a href=\"https:\/\/guardioesdotransito.com.br\/recursodemulta\/perguntas-mais-frequentes\/\">Fornecemos sem compromisso an\u00e1lise sobre as chances reais de seu recurso<\/a>.<\/strong><\/p><\/blockquote>\n<div id=\"su_slider_69e4e9f354d5a\" class=\"su-slider su-slider-pages-no su-slider-responsive-yes su-lightbox-gallery\" style=\"width:100%\" data-autoplay=\"3000\" data-speed=\"600\" data-mousewheel=\"true\"><div class=\"su-slider-slides\"><div class=\"su-slider-slide\"><a href=\"https:\/\/guardioesdotransito.com.br\/recursodemulta\/wp-content\/uploads\/2022\/06\/guardioes.jpg\"  title=\"Guardi\u00f5es do tr\u00e2nsito  Recurso de Multa RJ Recorrer Multas de Tr\u00e2nsito Guardi\u00f5es do Tr\u00e2nsito\"><img decoding=\"async\" src=\"https:\/\/guardioesdotransito.com.br\/recursodemulta\/wp-content\/uploads\/2022\/06\/guardioes-620x300.jpg\" alt=\"Guardi\u00f5es do tr\u00e2nsito  Recurso de Multa RJ Recorrer Multas de Tr\u00e2nsito Guardi\u00f5es do Tr\u00e2nsito\" \/><\/a><\/div><div class=\"su-slider-slide\"><a href=\"https:\/\/guardioesdotransito.com.br\/recursodemulta\/wp-content\/uploads\/2022\/06\/recorrer-lei-seca.jpg\"  title=\"Recurso de Multa Guardi\u00f5es do Tr\u00e2nsito\"><img decoding=\"async\" src=\"https:\/\/guardioesdotransito.com.br\/recursodemulta\/wp-content\/uploads\/2022\/06\/recorrer-lei-seca-620x300.jpg\" alt=\"Recurso de Multa Guardi\u00f5es do Tr\u00e2nsito\" \/><\/a><\/div><div class=\"su-slider-slide\"><a href=\"https:\/\/guardioesdotransito.com.br\/recursodemulta\/wp-content\/uploads\/2022\/06\/recorrer-de-multa3.jpg\"  title=\"Recorrer multas graves de tr\u00e2nsito\"><img decoding=\"async\" src=\"https:\/\/guardioesdotransito.com.br\/recursodemulta\/wp-content\/uploads\/2022\/06\/recorrer-de-multa3-620x300.jpg\" alt=\"Recorrer multas graves de tr\u00e2nsito\" \/><\/a><\/div><div class=\"su-slider-slide\"><a href=\"https:\/\/guardioesdotransito.com.br\/recursodemulta\/wp-content\/uploads\/2022\/06\/recorrer-de-multa2.jpg\"  title=\"Recorrer multas graves de tr\u00e2nsito\"><img decoding=\"async\" src=\"https:\/\/guardioesdotransito.com.br\/recursodemulta\/wp-content\/uploads\/2022\/06\/recorrer-de-multa2-620x300.jpg\" alt=\"Recorrer multas graves de tr\u00e2nsito\" \/><\/a><\/div><div class=\"su-slider-slide\"><a href=\"https:\/\/guardioesdotransito.com.br\/recursodemulta\/wp-content\/uploads\/2022\/06\/recorrer-de-multa0.jpg\"  title=\"Recorrer Multas de Tr\u00e2nsito Guardi\u00f5es do Tr\u00e2nsito\"><img decoding=\"async\" src=\"https:\/\/guardioesdotransito.com.br\/recursodemulta\/wp-content\/uploads\/2022\/06\/recorrer-de-multa0-620x300.jpg\" alt=\"Recorrer Multas de Tr\u00e2nsito Guardi\u00f5es do Tr\u00e2nsito\" \/><\/a><\/div><div class=\"su-slider-slide\"><a href=\"https:\/\/guardioesdotransito.com.br\/recursodemulta\/wp-content\/uploads\/2022\/06\/recorrer-de-multa.jpg\"  title=\"Recorrer Multas de Tr\u00e2nsito Guardi\u00f5es do Tr\u00e2nsito\"><img decoding=\"async\" src=\"https:\/\/guardioesdotransito.com.br\/recursodemulta\/wp-content\/uploads\/2022\/06\/recorrer-de-multa-620x300.jpg\" alt=\"Recorrer Multas de Tr\u00e2nsito Guardi\u00f5es do Tr\u00e2nsito\" \/><\/a><\/div><\/div><div class=\"su-slider-nav\"><div class=\"su-slider-direction\"><span class=\"su-slider-prev\"><\/span><span class=\"su-slider-next\"><\/span><\/div><div class=\"su-slider-pagination\"><\/div><\/div><\/div>\n","protected":false},"excerpt":{"rendered":"","protected":false},"author":1,"featured_media":1303,"parent":0,"menu_order":2,"comment_status":"closed","ping_status":"closed","template":"page-templates\/template-services.php","meta":{"footnotes":"","_links_to":"","_links_to_target":""},"class_list":["post-26","page","type-page","status-publish","has-post-thumbnail","hentry"],"yoast_head":"<!-- This site is optimized with the Yoast SEO plugin v26.7 - https:\/\/yoast.com\/wordpress\/plugins\/seo\/ -->\n<title>Suspens\u00e3o da CNH - Guardi\u00f5es do tr\u00e2nsito<\/title>\n<meta name=\"description\" content=\"Recurso de Multa Lei Seca, Recursos em processo de Cassa\u00e7\u00e3o de CNH e Suspen\u00e7\u00e3o de CNH e Contensta\u00e7\u00e3o de multas de transito\" \/>\n<meta name=\"robots\" content=\"index, follow, max-snippet:-1, max-image-preview:large, max-video-preview:-1\" \/>\n<link rel=\"canonical\" href=\"https:\/\/guardioesdotransito.com.br\/recursodemulta\/suspensao-da-cnh\/\" \/>\n<meta property=\"og:locale\" content=\"pt_BR\" \/>\n<meta property=\"og:type\" content=\"article\" \/>\n<meta property=\"og:title\" content=\"Suspens\u00e3o da CNH - Guardi\u00f5es do tr\u00e2nsito\" \/>\n<meta property=\"og:description\" content=\"Recurso de Multa Lei Seca, Recursos em processo de Cassa\u00e7\u00e3o de CNH e Suspen\u00e7\u00e3o de CNH e Contensta\u00e7\u00e3o de multas de transito\" \/>\n<meta property=\"og:url\" content=\"https:\/\/guardioesdotransito.com.br\/recursodemulta\/suspensao-da-cnh\/\" \/>\n<meta property=\"og:site_name\" content=\"Guardi\u00f5es do tr\u00e2nsito\" \/>\n<meta property=\"article:publisher\" content=\"https:\/\/www.facebook.com\/gtassuntosdetransito\/\" \/>\n<meta property=\"article:modified_time\" content=\"2022-06-18T15:37:31+00:00\" \/>\n<meta property=\"og:image\" content=\"https:\/\/guardioesdotransito.com.br\/recursodemulta\/wp-content\/uploads\/2022\/06\/recorrer-de-multa2.jpg\" \/>\n\t<meta property=\"og:image:width\" content=\"1920\" \/>\n\t<meta property=\"og:image:height\" content=\"930\" \/>\n\t<meta property=\"og:image:type\" content=\"image\/jpeg\" \/>\n<meta name=\"twitter:card\" content=\"summary_large_image\" \/>\n<meta name=\"twitter:label1\" content=\"Est. tempo de leitura\" \/>\n\t<meta name=\"twitter:data1\" content=\"3 minutos\" \/>\n<script type=\"application\/ld+json\" class=\"yoast-schema-graph\">{\"@context\":\"https:\/\/schema.org\",\"@graph\":[{\"@type\":\"WebPage\",\"@id\":\"https:\/\/guardioesdotransito.com.br\/recursodemulta\/suspensao-da-cnh\/\",\"url\":\"https:\/\/guardioesdotransito.com.br\/recursodemulta\/suspensao-da-cnh\/\",\"name\":\"Suspens\u00e3o da CNH - Guardi\u00f5es do tr\u00e2nsito\",\"isPartOf\":{\"@id\":\"https:\/\/guardioesdotransito.com.br\/recursodemulta\/#website\"},\"primaryImageOfPage\":{\"@id\":\"https:\/\/guardioesdotransito.com.br\/recursodemulta\/suspensao-da-cnh\/#primaryimage\"},\"image\":{\"@id\":\"https:\/\/guardioesdotransito.com.br\/recursodemulta\/suspensao-da-cnh\/#primaryimage\"},\"thumbnailUrl\":\"https:\/\/guardioesdotransito.com.br\/recursodemulta\/wp-content\/uploads\/2022\/06\/recorrer-de-multa2.jpg\",\"datePublished\":\"2019-06-04T23:19:10+00:00\",\"dateModified\":\"2022-06-18T15:37:31+00:00\",\"description\":\"Recurso de Multa Lei Seca, Recursos em processo de Cassa\u00e7\u00e3o de CNH e Suspen\u00e7\u00e3o de CNH e Contensta\u00e7\u00e3o de multas de transito\",\"breadcrumb\":{\"@id\":\"https:\/\/guardioesdotransito.com.br\/recursodemulta\/suspensao-da-cnh\/#breadcrumb\"},\"inLanguage\":\"pt-BR\",\"potentialAction\":[{\"@type\":\"ReadAction\",\"target\":[\"https:\/\/guardioesdotransito.com.br\/recursodemulta\/suspensao-da-cnh\/\"]}]},{\"@type\":\"ImageObject\",\"inLanguage\":\"pt-BR\",\"@id\":\"https:\/\/guardioesdotransito.com.br\/recursodemulta\/suspensao-da-cnh\/#primaryimage\",\"url\":\"https:\/\/guardioesdotransito.com.br\/recursodemulta\/wp-content\/uploads\/2022\/06\/recorrer-de-multa2.jpg\",\"contentUrl\":\"https:\/\/guardioesdotransito.com.br\/recursodemulta\/wp-content\/uploads\/2022\/06\/recorrer-de-multa2.jpg\",\"width\":1920,\"height\":930,\"caption\":\"Recorrer multas graves de tr\u00e2nsito\"},{\"@type\":\"BreadcrumbList\",\"@id\":\"https:\/\/guardioesdotransito.com.br\/recursodemulta\/suspensao-da-cnh\/#breadcrumb\",\"itemListElement\":[{\"@type\":\"ListItem\",\"position\":1,\"name\":\"In\u00edcio\",\"item\":\"https:\/\/guardioesdotransito.com.br\/recursodemulta\/\"},{\"@type\":\"ListItem\",\"position\":2,\"name\":\"Suspens\u00e3o da CNH\"}]},{\"@type\":\"WebSite\",\"@id\":\"https:\/\/guardioesdotransito.com.br\/recursodemulta\/#website\",\"url\":\"https:\/\/guardioesdotransito.com.br\/recursodemulta\/\",\"name\":\"Guardi\u00f5es do tr\u00e2nsito\",\"description\":\"Recurso de Multas\",\"publisher\":{\"@id\":\"https:\/\/guardioesdotransito.com.br\/recursodemulta\/#organization\"},\"potentialAction\":[{\"@type\":\"SearchAction\",\"target\":{\"@type\":\"EntryPoint\",\"urlTemplate\":\"https:\/\/guardioesdotransito.com.br\/recursodemulta\/?s={search_term_string}\"},\"query-input\":{\"@type\":\"PropertyValueSpecification\",\"valueRequired\":true,\"valueName\":\"search_term_string\"}}],\"inLanguage\":\"pt-BR\"},{\"@type\":\"Organization\",\"@id\":\"https:\/\/guardioesdotransito.com.br\/recursodemulta\/#organization\",\"name\":\"Guardi\u00f5es do Tr\u00e2nsito\",\"url\":\"https:\/\/guardioesdotransito.com.br\/recursodemulta\/\",\"logo\":{\"@type\":\"ImageObject\",\"inLanguage\":\"pt-BR\",\"@id\":\"https:\/\/guardioesdotransito.com.br\/recursodemulta\/#\/schema\/logo\/image\/\",\"url\":\"https:\/\/guardioesdotransito.com.br\/recursodemulta\/wp-content\/uploads\/2019\/02\/logomedioblack.png\",\"contentUrl\":\"https:\/\/guardioesdotransito.com.br\/recursodemulta\/wp-content\/uploads\/2019\/02\/logomedioblack.png\",\"width\":192,\"height\":160,\"caption\":\"Guardi\u00f5es do Tr\u00e2nsito\"},\"image\":{\"@id\":\"https:\/\/guardioesdotransito.com.br\/recursodemulta\/#\/schema\/logo\/image\/\"},\"sameAs\":[\"https:\/\/www.facebook.com\/gtassuntosdetransito\/\",\"https:\/\/www.instagram.com\/gtassuntosdetransito\/\"]}]}<\/script>\n<!-- \/ Yoast SEO plugin. -->","yoast_head_json":{"title":"Suspens\u00e3o da CNH - Guardi\u00f5es do tr\u00e2nsito","description":"Recurso de Multa Lei Seca, Recursos em processo de Cassa\u00e7\u00e3o de CNH e Suspen\u00e7\u00e3o de CNH e Contensta\u00e7\u00e3o de multas de transito","robots":{"index":"index","follow":"follow","max-snippet":"max-snippet:-1","max-image-preview":"max-image-preview:large","max-video-preview":"max-video-preview:-1"},"canonical":"https:\/\/guardioesdotransito.com.br\/recursodemulta\/suspensao-da-cnh\/","og_locale":"pt_BR","og_type":"article","og_title":"Suspens\u00e3o da CNH - Guardi\u00f5es do tr\u00e2nsito","og_description":"Recurso de Multa Lei Seca, Recursos em processo de Cassa\u00e7\u00e3o de CNH e Suspen\u00e7\u00e3o de CNH e Contensta\u00e7\u00e3o de multas de transito","og_url":"https:\/\/guardioesdotransito.com.br\/recursodemulta\/suspensao-da-cnh\/","og_site_name":"Guardi\u00f5es do tr\u00e2nsito","article_publisher":"https:\/\/www.facebook.com\/gtassuntosdetransito\/","article_modified_time":"2022-06-18T15:37:31+00:00","og_image":[{"width":1920,"height":930,"url":"https:\/\/guardioesdotransito.com.br\/recursodemulta\/wp-content\/uploads\/2022\/06\/recorrer-de-multa2.jpg","type":"image\/jpeg"}],"twitter_card":"summary_large_image","twitter_misc":{"Est. tempo de leitura":"3 minutos"},"schema":{"@context":"https:\/\/schema.org","@graph":[{"@type":"WebPage","@id":"https:\/\/guardioesdotransito.com.br\/recursodemulta\/suspensao-da-cnh\/","url":"https:\/\/guardioesdotransito.com.br\/recursodemulta\/suspensao-da-cnh\/","name":"Suspens\u00e3o da CNH - Guardi\u00f5es do tr\u00e2nsito","isPartOf":{"@id":"https:\/\/guardioesdotransito.com.br\/recursodemulta\/#website"},"primaryImageOfPage":{"@id":"https:\/\/guardioesdotransito.com.br\/recursodemulta\/suspensao-da-cnh\/#primaryimage"},"image":{"@id":"https:\/\/guardioesdotransito.com.br\/recursodemulta\/suspensao-da-cnh\/#primaryimage"},"thumbnailUrl":"https:\/\/guardioesdotransito.com.br\/recursodemulta\/wp-content\/uploads\/2022\/06\/recorrer-de-multa2.jpg","datePublished":"2019-06-04T23:19:10+00:00","dateModified":"2022-06-18T15:37:31+00:00","description":"Recurso de Multa Lei Seca, Recursos em processo de Cassa\u00e7\u00e3o de CNH e Suspen\u00e7\u00e3o de CNH e Contensta\u00e7\u00e3o de multas de transito","breadcrumb":{"@id":"https:\/\/guardioesdotransito.com.br\/recursodemulta\/suspensao-da-cnh\/#breadcrumb"},"inLanguage":"pt-BR","potentialAction":[{"@type":"ReadAction","target":["https:\/\/guardioesdotransito.com.br\/recursodemulta\/suspensao-da-cnh\/"]}]},{"@type":"ImageObject","inLanguage":"pt-BR","@id":"https:\/\/guardioesdotransito.com.br\/recursodemulta\/suspensao-da-cnh\/#primaryimage","url":"https:\/\/guardioesdotransito.com.br\/recursodemulta\/wp-content\/uploads\/2022\/06\/recorrer-de-multa2.jpg","contentUrl":"https:\/\/guardioesdotransito.com.br\/recursodemulta\/wp-content\/uploads\/2022\/06\/recorrer-de-multa2.jpg","width":1920,"height":930,"caption":"Recorrer multas graves de tr\u00e2nsito"},{"@type":"BreadcrumbList","@id":"https:\/\/guardioesdotransito.com.br\/recursodemulta\/suspensao-da-cnh\/#breadcrumb","itemListElement":[{"@type":"ListItem","position":1,"name":"In\u00edcio","item":"https:\/\/guardioesdotransito.com.br\/recursodemulta\/"},{"@type":"ListItem","position":2,"name":"Suspens\u00e3o da CNH"}]},{"@type":"WebSite","@id":"https:\/\/guardioesdotransito.com.br\/recursodemulta\/#website","url":"https:\/\/guardioesdotransito.com.br\/recursodemulta\/","name":"Guardi\u00f5es do tr\u00e2nsito","description":"Recurso de Multas","publisher":{"@id":"https:\/\/guardioesdotransito.com.br\/recursodemulta\/#organization"},"potentialAction":[{"@type":"SearchAction","target":{"@type":"EntryPoint","urlTemplate":"https:\/\/guardioesdotransito.com.br\/recursodemulta\/?s={search_term_string}"},"query-input":{"@type":"PropertyValueSpecification","valueRequired":true,"valueName":"search_term_string"}}],"inLanguage":"pt-BR"},{"@type":"Organization","@id":"https:\/\/guardioesdotransito.com.br\/recursodemulta\/#organization","name":"Guardi\u00f5es do Tr\u00e2nsito","url":"https:\/\/guardioesdotransito.com.br\/recursodemulta\/","logo":{"@type":"ImageObject","inLanguage":"pt-BR","@id":"https:\/\/guardioesdotransito.com.br\/recursodemulta\/#\/schema\/logo\/image\/","url":"https:\/\/guardioesdotransito.com.br\/recursodemulta\/wp-content\/uploads\/2019\/02\/logomedioblack.png","contentUrl":"https:\/\/guardioesdotransito.com.br\/recursodemulta\/wp-content\/uploads\/2019\/02\/logomedioblack.png","width":192,"height":160,"caption":"Guardi\u00f5es do Tr\u00e2nsito"},"image":{"@id":"https:\/\/guardioesdotransito.com.br\/recursodemulta\/#\/schema\/logo\/image\/"},"sameAs":["https:\/\/www.facebook.com\/gtassuntosdetransito\/","https:\/\/www.instagram.com\/gtassuntosdetransito\/"]}]}},"_links":{"self":[{"href":"https:\/\/guardioesdotransito.com.br\/recursodemulta\/wp-json\/wp\/v2\/pages\/26","targetHints":{"allow":["GET"]}}],"collection":[{"href":"https:\/\/guardioesdotransito.com.br\/recursodemulta\/wp-json\/wp\/v2\/pages"}],"about":[{"href":"https:\/\/guardioesdotransito.com.br\/recursodemulta\/wp-json\/wp\/v2\/types\/page"}],"author":[{"embeddable":true,"href":"https:\/\/guardioesdotransito.com.br\/recursodemulta\/wp-json\/wp\/v2\/users\/1"}],"replies":[{"embeddable":true,"href":"https:\/\/guardioesdotransito.com.br\/recursodemulta\/wp-json\/wp\/v2\/comments?post=26"}],"version-history":[{"count":24,"href":"https:\/\/guardioesdotransito.com.br\/recursodemulta\/wp-json\/wp\/v2\/pages\/26\/revisions"}],"predecessor-version":[{"id":1325,"href":"https:\/\/guardioesdotransito.com.br\/recursodemulta\/wp-json\/wp\/v2\/pages\/26\/revisions\/1325"}],"wp:featuredmedia":[{"embeddable":true,"href":"https:\/\/guardioesdotransito.com.br\/recursodemulta\/wp-json\/wp\/v2\/media\/1303"}],"wp:attachment":[{"href":"https:\/\/guardioesdotransito.com.br\/recursodemulta\/wp-json\/wp\/v2\/media?parent=26"}],"curies":[{"name":"wp","href":"https:\/\/api.w.org\/{rel}","templated":true}]}}