{"id":48,"date":"2019-02-25T20:22:23","date_gmt":"2019-02-25T23:22:23","guid":{"rendered":"https:\/\/guardioesdotransito.com.br\/recursodemulta\/?page_id=48"},"modified":"2022-06-18T12:41:41","modified_gmt":"2022-06-18T15:41:41","slug":"decisoes-favoraveis","status":"publish","type":"page","link":"https:\/\/guardioesdotransito.com.br\/recursodemulta\/decisoes-favoraveis\/","title":{"rendered":"Decis\u00f5es Favor\u00e1veis"},"content":{"rendered":"<h2>Conhe\u00e7a nossos recursos com decis\u00f5es favor\u00e1veis<\/h2>\n<p>Nossa equipe \u00e9 formada\u00a0 por corpo jur\u00eddico e t\u00e9cnicos experientes e familiarizados com o c\u00f3digo de tr\u00e2nsito brasileiro e legisla\u00e7\u00e3o de tr\u00e2nsito vigente.<br \/>\nSomos especializados em recursos administrativos com in\u00fameros casos de \u00eaxito.<br \/>\n<a href=\"https:\/\/guardioesdotransito.com.br\/recursodemulta\/contato\/\">Clique aqui e solicite nossos servi\u00e7os<\/a> de recurso de multa e processos de cassa\u00e7\u00e3o ou suspens\u00e3o da sua CNH.<\/p>\n<hr \/>\n<blockquote><p><strong><a href=\"https:\/\/guardioesdotransito.com.br\/recursodemulta\/perguntas-mais-frequentes\/\">Fornecemos sem compromisso an\u00e1lise sobre as chances reais de seu recurso<\/a>.<\/strong><\/p><\/blockquote>\n<blockquote><div id=\"su_slider_69e4e9a486daa\" class=\"su-slider su-slider-pages-no su-slider-responsive-yes su-lightbox-gallery\" style=\"width:100%\" data-autoplay=\"3000\" data-speed=\"600\" data-mousewheel=\"true\"><div class=\"su-slider-slides\"><div class=\"su-slider-slide\"><a href=\"https:\/\/guardioesdotransito.com.br\/recursodemulta\/wp-content\/uploads\/2022\/06\/guardioes.jpg\"  title=\"Guardi\u00f5es do tr\u00e2nsito  Recurso de Multa RJ Recorrer Multas de Tr\u00e2nsito Guardi\u00f5es do Tr\u00e2nsito\"><img decoding=\"async\" src=\"https:\/\/guardioesdotransito.com.br\/recursodemulta\/wp-content\/uploads\/2022\/06\/guardioes-620x300.jpg\" alt=\"Guardi\u00f5es do tr\u00e2nsito  Recurso de Multa RJ Recorrer Multas de Tr\u00e2nsito Guardi\u00f5es do Tr\u00e2nsito\" \/><\/a><\/div><div class=\"su-slider-slide\"><a href=\"https:\/\/guardioesdotransito.com.br\/recursodemulta\/wp-content\/uploads\/2022\/06\/recorrer-lei-seca.jpg\"  title=\"Recurso de Multa Guardi\u00f5es do Tr\u00e2nsito\"><img decoding=\"async\" src=\"https:\/\/guardioesdotransito.com.br\/recursodemulta\/wp-content\/uploads\/2022\/06\/recorrer-lei-seca-620x300.jpg\" alt=\"Recurso de Multa Guardi\u00f5es do Tr\u00e2nsito\" \/><\/a><\/div><div class=\"su-slider-slide\"><a href=\"https:\/\/guardioesdotransito.com.br\/recursodemulta\/wp-content\/uploads\/2022\/06\/recorrer-de-multa3.jpg\"  title=\"Recorrer multas graves de tr\u00e2nsito\"><img decoding=\"async\" src=\"https:\/\/guardioesdotransito.com.br\/recursodemulta\/wp-content\/uploads\/2022\/06\/recorrer-de-multa3-620x300.jpg\" alt=\"Recorrer multas graves de tr\u00e2nsito\" \/><\/a><\/div><div class=\"su-slider-slide\"><a href=\"https:\/\/guardioesdotransito.com.br\/recursodemulta\/wp-content\/uploads\/2022\/06\/recorrer-de-multa2.jpg\"  title=\"Recorrer multas graves de tr\u00e2nsito\"><img decoding=\"async\" src=\"https:\/\/guardioesdotransito.com.br\/recursodemulta\/wp-content\/uploads\/2022\/06\/recorrer-de-multa2-620x300.jpg\" alt=\"Recorrer multas graves de tr\u00e2nsito\" \/><\/a><\/div><div class=\"su-slider-slide\"><a href=\"https:\/\/guardioesdotransito.com.br\/recursodemulta\/wp-content\/uploads\/2022\/06\/recorrer-de-multa0.jpg\"  title=\"Recorrer Multas de Tr\u00e2nsito Guardi\u00f5es do Tr\u00e2nsito\"><img decoding=\"async\" src=\"https:\/\/guardioesdotransito.com.br\/recursodemulta\/wp-content\/uploads\/2022\/06\/recorrer-de-multa0-620x300.jpg\" alt=\"Recorrer Multas de Tr\u00e2nsito Guardi\u00f5es do Tr\u00e2nsito\" \/><\/a><\/div><div class=\"su-slider-slide\"><a href=\"https:\/\/guardioesdotransito.com.br\/recursodemulta\/wp-content\/uploads\/2022\/06\/recorrer-de-multa.jpg\"  title=\"Recorrer Multas de Tr\u00e2nsito Guardi\u00f5es do Tr\u00e2nsito\"><img decoding=\"async\" src=\"https:\/\/guardioesdotransito.com.br\/recursodemulta\/wp-content\/uploads\/2022\/06\/recorrer-de-multa-620x300.jpg\" alt=\"Recorrer Multas de Tr\u00e2nsito Guardi\u00f5es do Tr\u00e2nsito\" \/><\/a><\/div><\/div><div class=\"su-slider-nav\"><div class=\"su-slider-direction\"><span class=\"su-slider-prev\"><\/span><span class=\"su-slider-next\"><\/span><\/div><div class=\"su-slider-pagination\"><\/div><\/div><\/div><\/blockquote>\n<hr \/>\n","protected":false},"excerpt":{"rendered":"<p>Conhe\u00e7a nossos recursos com decis\u00f5es favor\u00e1veis Nossa equipe \u00e9 formada\u00a0 por corpo jur\u00eddico e t\u00e9cnicos experientes e familiarizados com o c\u00f3digo de tr\u00e2nsito brasileiro e<\/p>\n","protected":false},"author":1,"featured_media":0,"parent":0,"menu_order":0,"comment_status":"closed","ping_status":"closed","template":"","meta":{"footnotes":"","_links_to":"","_links_to_target":""},"class_list":["post-48","page","type-page","status-publish","hentry"],"yoast_head":"<!-- This site is optimized with the Yoast SEO plugin v26.7 - https:\/\/yoast.com\/wordpress\/plugins\/seo\/ -->\n<title>Decis\u00f5es Favor\u00e1veis - Guardi\u00f5es do tr\u00e2nsito<\/title>\n<meta name=\"description\" content=\"Recurso de Multa Lei Seca, Recursos em processo de Cassa\u00e7\u00e3o de CNH e Suspen\u00e7\u00e3o de CNH e Contensta\u00e7\u00e3o de multas de transito\" \/>\n<meta name=\"robots\" content=\"index, follow, max-snippet:-1, max-image-preview:large, max-video-preview:-1\" \/>\n<link rel=\"canonical\" href=\"https:\/\/guardioesdotransito.com.br\/recursodemulta\/decisoes-favoraveis\/\" \/>\n<meta property=\"og:locale\" content=\"pt_BR\" \/>\n<meta property=\"og:type\" content=\"article\" \/>\n<meta property=\"og:title\" content=\"Decis\u00f5es Favor\u00e1veis - Guardi\u00f5es do tr\u00e2nsito\" \/>\n<meta property=\"og:description\" content=\"Recurso de Multa Lei Seca, Recursos em processo de Cassa\u00e7\u00e3o de CNH e Suspen\u00e7\u00e3o de CNH e Contensta\u00e7\u00e3o de multas de transito\" \/>\n<meta property=\"og:url\" content=\"https:\/\/guardioesdotransito.com.br\/recursodemulta\/decisoes-favoraveis\/\" \/>\n<meta property=\"og:site_name\" content=\"Guardi\u00f5es do tr\u00e2nsito\" \/>\n<meta property=\"article:publisher\" content=\"https:\/\/www.facebook.com\/gtassuntosdetransito\/\" \/>\n<meta property=\"article:modified_time\" content=\"2022-06-18T15:41:41+00:00\" \/>\n<meta name=\"twitter:card\" content=\"summary_large_image\" \/>\n<meta name=\"twitter:label1\" content=\"Est. tempo de leitura\" \/>\n\t<meta name=\"twitter:data1\" content=\"1 minuto\" \/>\n<script type=\"application\/ld+json\" class=\"yoast-schema-graph\">{\"@context\":\"https:\/\/schema.org\",\"@graph\":[{\"@type\":\"WebPage\",\"@id\":\"https:\/\/guardioesdotransito.com.br\/recursodemulta\/decisoes-favoraveis\/\",\"url\":\"https:\/\/guardioesdotransito.com.br\/recursodemulta\/decisoes-favoraveis\/\",\"name\":\"Decis\u00f5es Favor\u00e1veis - Guardi\u00f5es do tr\u00e2nsito\",\"isPartOf\":{\"@id\":\"https:\/\/guardioesdotransito.com.br\/recursodemulta\/#website\"},\"datePublished\":\"2019-02-25T23:22:23+00:00\",\"dateModified\":\"2022-06-18T15:41:41+00:00\",\"description\":\"Recurso de Multa Lei Seca, Recursos em processo de Cassa\u00e7\u00e3o de CNH e Suspen\u00e7\u00e3o de CNH e Contensta\u00e7\u00e3o de multas de transito\",\"breadcrumb\":{\"@id\":\"https:\/\/guardioesdotransito.com.br\/recursodemulta\/decisoes-favoraveis\/#breadcrumb\"},\"inLanguage\":\"pt-BR\",\"potentialAction\":[{\"@type\":\"ReadAction\",\"target\":[\"https:\/\/guardioesdotransito.com.br\/recursodemulta\/decisoes-favoraveis\/\"]}]},{\"@type\":\"BreadcrumbList\",\"@id\":\"https:\/\/guardioesdotransito.com.br\/recursodemulta\/decisoes-favoraveis\/#breadcrumb\",\"itemListElement\":[{\"@type\":\"ListItem\",\"position\":1,\"name\":\"In\u00edcio\",\"item\":\"https:\/\/guardioesdotransito.com.br\/recursodemulta\/\"},{\"@type\":\"ListItem\",\"position\":2,\"name\":\"Decis\u00f5es Favor\u00e1veis\"}]},{\"@type\":\"WebSite\",\"@id\":\"https:\/\/guardioesdotransito.com.br\/recursodemulta\/#website\",\"url\":\"https:\/\/guardioesdotransito.com.br\/recursodemulta\/\",\"name\":\"Guardi\u00f5es do tr\u00e2nsito\",\"description\":\"Recurso de Multas\",\"publisher\":{\"@id\":\"https:\/\/guardioesdotransito.com.br\/recursodemulta\/#organization\"},\"potentialAction\":[{\"@type\":\"SearchAction\",\"target\":{\"@type\":\"EntryPoint\",\"urlTemplate\":\"https:\/\/guardioesdotransito.com.br\/recursodemulta\/?s={search_term_string}\"},\"query-input\":{\"@type\":\"PropertyValueSpecification\",\"valueRequired\":true,\"valueName\":\"search_term_string\"}}],\"inLanguage\":\"pt-BR\"},{\"@type\":\"Organization\",\"@id\":\"https:\/\/guardioesdotransito.com.br\/recursodemulta\/#organization\",\"name\":\"Guardi\u00f5es do Tr\u00e2nsito\",\"url\":\"https:\/\/guardioesdotransito.com.br\/recursodemulta\/\",\"logo\":{\"@type\":\"ImageObject\",\"inLanguage\":\"pt-BR\",\"@id\":\"https:\/\/guardioesdotransito.com.br\/recursodemulta\/#\/schema\/logo\/image\/\",\"url\":\"https:\/\/guardioesdotransito.com.br\/recursodemulta\/wp-content\/uploads\/2019\/02\/logomedioblack.png\",\"contentUrl\":\"https:\/\/guardioesdotransito.com.br\/recursodemulta\/wp-content\/uploads\/2019\/02\/logomedioblack.png\",\"width\":192,\"height\":160,\"caption\":\"Guardi\u00f5es do Tr\u00e2nsito\"},\"image\":{\"@id\":\"https:\/\/guardioesdotransito.com.br\/recursodemulta\/#\/schema\/logo\/image\/\"},\"sameAs\":[\"https:\/\/www.facebook.com\/gtassuntosdetransito\/\",\"https:\/\/www.instagram.com\/gtassuntosdetransito\/\"]}]}<\/script>\n<!-- \/ Yoast SEO plugin. -->","yoast_head_json":{"title":"Decis\u00f5es Favor\u00e1veis - Guardi\u00f5es do tr\u00e2nsito","description":"Recurso de Multa Lei Seca, Recursos em processo de Cassa\u00e7\u00e3o de CNH e Suspen\u00e7\u00e3o de CNH e Contensta\u00e7\u00e3o de multas de transito","robots":{"index":"index","follow":"follow","max-snippet":"max-snippet:-1","max-image-preview":"max-image-preview:large","max-video-preview":"max-video-preview:-1"},"canonical":"https:\/\/guardioesdotransito.com.br\/recursodemulta\/decisoes-favoraveis\/","og_locale":"pt_BR","og_type":"article","og_title":"Decis\u00f5es Favor\u00e1veis - Guardi\u00f5es do tr\u00e2nsito","og_description":"Recurso de Multa Lei Seca, Recursos em processo de Cassa\u00e7\u00e3o de CNH e Suspen\u00e7\u00e3o de CNH e Contensta\u00e7\u00e3o de multas de transito","og_url":"https:\/\/guardioesdotransito.com.br\/recursodemulta\/decisoes-favoraveis\/","og_site_name":"Guardi\u00f5es do tr\u00e2nsito","article_publisher":"https:\/\/www.facebook.com\/gtassuntosdetransito\/","article_modified_time":"2022-06-18T15:41:41+00:00","twitter_card":"summary_large_image","twitter_misc":{"Est. tempo de leitura":"1 minuto"},"schema":{"@context":"https:\/\/schema.org","@graph":[{"@type":"WebPage","@id":"https:\/\/guardioesdotransito.com.br\/recursodemulta\/decisoes-favoraveis\/","url":"https:\/\/guardioesdotransito.com.br\/recursodemulta\/decisoes-favoraveis\/","name":"Decis\u00f5es Favor\u00e1veis - Guardi\u00f5es do tr\u00e2nsito","isPartOf":{"@id":"https:\/\/guardioesdotransito.com.br\/recursodemulta\/#website"},"datePublished":"2019-02-25T23:22:23+00:00","dateModified":"2022-06-18T15:41:41+00:00","description":"Recurso de Multa Lei Seca, Recursos em processo de Cassa\u00e7\u00e3o de CNH e Suspen\u00e7\u00e3o de CNH e Contensta\u00e7\u00e3o de multas de transito","breadcrumb":{"@id":"https:\/\/guardioesdotransito.com.br\/recursodemulta\/decisoes-favoraveis\/#breadcrumb"},"inLanguage":"pt-BR","potentialAction":[{"@type":"ReadAction","target":["https:\/\/guardioesdotransito.com.br\/recursodemulta\/decisoes-favoraveis\/"]}]},{"@type":"BreadcrumbList","@id":"https:\/\/guardioesdotransito.com.br\/recursodemulta\/decisoes-favoraveis\/#breadcrumb","itemListElement":[{"@type":"ListItem","position":1,"name":"In\u00edcio","item":"https:\/\/guardioesdotransito.com.br\/recursodemulta\/"},{"@type":"ListItem","position":2,"name":"Decis\u00f5es Favor\u00e1veis"}]},{"@type":"WebSite","@id":"https:\/\/guardioesdotransito.com.br\/recursodemulta\/#website","url":"https:\/\/guardioesdotransito.com.br\/recursodemulta\/","name":"Guardi\u00f5es do tr\u00e2nsito","description":"Recurso de Multas","publisher":{"@id":"https:\/\/guardioesdotransito.com.br\/recursodemulta\/#organization"},"potentialAction":[{"@type":"SearchAction","target":{"@type":"EntryPoint","urlTemplate":"https:\/\/guardioesdotransito.com.br\/recursodemulta\/?s={search_term_string}"},"query-input":{"@type":"PropertyValueSpecification","valueRequired":true,"valueName":"search_term_string"}}],"inLanguage":"pt-BR"},{"@type":"Organization","@id":"https:\/\/guardioesdotransito.com.br\/recursodemulta\/#organization","name":"Guardi\u00f5es do Tr\u00e2nsito","url":"https:\/\/guardioesdotransito.com.br\/recursodemulta\/","logo":{"@type":"ImageObject","inLanguage":"pt-BR","@id":"https:\/\/guardioesdotransito.com.br\/recursodemulta\/#\/schema\/logo\/image\/","url":"https:\/\/guardioesdotransito.com.br\/recursodemulta\/wp-content\/uploads\/2019\/02\/logomedioblack.png","contentUrl":"https:\/\/guardioesdotransito.com.br\/recursodemulta\/wp-content\/uploads\/2019\/02\/logomedioblack.png","width":192,"height":160,"caption":"Guardi\u00f5es do Tr\u00e2nsito"},"image":{"@id":"https:\/\/guardioesdotransito.com.br\/recursodemulta\/#\/schema\/logo\/image\/"},"sameAs":["https:\/\/www.facebook.com\/gtassuntosdetransito\/","https:\/\/www.instagram.com\/gtassuntosdetransito\/"]}]}},"_links":{"self":[{"href":"https:\/\/guardioesdotransito.com.br\/recursodemulta\/wp-json\/wp\/v2\/pages\/48","targetHints":{"allow":["GET"]}}],"collection":[{"href":"https:\/\/guardioesdotransito.com.br\/recursodemulta\/wp-json\/wp\/v2\/pages"}],"about":[{"href":"https:\/\/guardioesdotransito.com.br\/recursodemulta\/wp-json\/wp\/v2\/types\/page"}],"author":[{"embeddable":true,"href":"https:\/\/guardioesdotransito.com.br\/recursodemulta\/wp-json\/wp\/v2\/users\/1"}],"replies":[{"embeddable":true,"href":"https:\/\/guardioesdotransito.com.br\/recursodemulta\/wp-json\/wp\/v2\/comments?post=48"}],"version-history":[{"count":11,"href":"https:\/\/guardioesdotransito.com.br\/recursodemulta\/wp-json\/wp\/v2\/pages\/48\/revisions"}],"predecessor-version":[{"id":1337,"href":"https:\/\/guardioesdotransito.com.br\/recursodemulta\/wp-json\/wp\/v2\/pages\/48\/revisions\/1337"}],"wp:attachment":[{"href":"https:\/\/guardioesdotransito.com.br\/recursodemulta\/wp-json\/wp\/v2\/media?parent=48"}],"curies":[{"name":"wp","href":"https:\/\/api.w.org\/{rel}","templated":true}]}}