{"id":50,"date":"2019-02-25T20:22:45","date_gmt":"2019-02-25T23:22:45","guid":{"rendered":"https:\/\/guardioesdotransito.com.br\/recursodemulta\/?page_id=50"},"modified":"2019-06-07T21:43:11","modified_gmt":"2019-06-08T00:43:11","slug":"perguntas-mais-frequentes","status":"publish","type":"page","link":"https:\/\/guardioesdotransito.com.br\/recursodemulta\/perguntas-mais-frequentes\/","title":{"rendered":"D\u00favidas Mais Frequentes"},"content":{"rendered":"<p><strong>Conhe\u00e7a abaixo as d\u00favidas mais recorrentes sobre multas\u00a0 e recursos:<\/strong><\/p>\n<hr \/>\n[whatsapp phone=&#8221;5521972909536&#8243; blank=&#8221;true&#8221;] D\u00favidas? Estamos online[\/whatsapp]\n<h5><strong>Como saber se tenho alguma multa?<\/strong><\/h5>\n<div class=\"su-note\"  style=\"border-color:#dcdcdc;border-radius:3px;-moz-border-radius:3px;-webkit-border-radius:3px;\"><div class=\"su-note-inner su-u-clearfix su-u-trim\" style=\"background-color:#f6f6f6;border-color:#ffffff;color:#333333;border-radius:3px;-moz-border-radius:3px;-webkit-border-radius:3px;\">\n<p>A multa fica vinculada ao ve\u00edculo ou o seu CPF.<br \/>\nO cidad\u00e3o pode verificar:<br \/>\nPela Internet<br \/>\nDirigindo-se direto \u00e0 sede do Detran-RJ<br \/>\nConsultando em uma Ag\u00eancia do Banco Bradesco.<br \/>\nContratando nosso servi\u00e7o de consultoria<\/p>\n<p>Acessando o site do <a href=\"http:\/\/www.detran.rj.gov.br\" target=\"_blank\" rel=\"noopener noreferrer\">Detran-RJ<\/a>,\u00a0 \u00e9 poss\u00edvel verificar se existe multa e sua origem e data com hor\u00e1rio especifico da infra\u00e7\u00e3o.<br \/>\nNa sede do \u00f3rg\u00e3o, tamb\u00e9m e poss\u00edvel solicitar o &#8220;Nada Consta&#8221; de multas e dispor de informa\u00e7\u00f5es;<br \/>\nAtrav\u00e9s do site do Banco Bradesco, se consegue consultar a exist\u00eancia de multas bem como fazer sua quita\u00e7\u00e3o.<br \/>\nE <a href=\"https:\/\/guardioesdotransito.com.br\/recursodemulta\/contato\/\">atraves de nossos servi\u00e7os<\/a>, \u00e9 poss\u00edvel obter o nada consta bem como analise de chances real de recurso, caso sejam encontradas multas em seu CPF ou ve\u00edculo.<\/p>\n<a href=\"https:\/\/guardioesdotransito.com.br\/recursodemulta\/contato\/\" class=\"su-button su-button-style-default\" style=\"color:#000000;background-color:#efa72d;border-color:#c08624;border-radius:6px\" target=\"_self\"><span style=\"color:#000000;padding:6px 18px;font-size:14px;line-height:21px;border-color:#f4c26c;border-radius:6px;text-shadow:none\"><i class=\"sui sui-link\" style=\"font-size:14px;color:#FFFFFF\"><\/i> Fale Com Nossa Equipe<\/span><\/a>\n<\/div><\/div>\n<p>&nbsp;<\/p>\n<hr \/>\n<h5><strong>Ap\u00f3s paga, qual prazo para remo\u00e7\u00e3o da multa no sistema do Detran?<\/strong><\/h5>\n<div class=\"su-note\"  style=\"border-color:#dcdcdc;border-radius:3px;-moz-border-radius:3px;-webkit-border-radius:3px;\"><div class=\"su-note-inner su-u-clearfix su-u-trim\" style=\"background-color:#f6f6f6;border-color:#ffffff;color:#333333;border-radius:3px;-moz-border-radius:3px;-webkit-border-radius:3px;\">\n<p>Em m\u00e9dia, 5 dias \u00fateis, dependendo da forma de pagamento e banco de pagamento.<br \/>\n<a href=\"https:\/\/guardioesdotransito.com.br\/recursodemulta\/contato\/\">Entre em contato com a Guardi\u00f5es do Tr\u00e2nsito <\/a>\u00a0e agilize a emiss\u00e3o de seu &#8220;nada consta&#8221;.<\/p>\n<a href=\"https:\/\/guardioesdotransito.com.br\/recursodemulta\/contato\/\" class=\"su-button su-button-style-default\" style=\"color:#000000;background-color:#efa72d;border-color:#c08624;border-radius:6px\" target=\"_self\"><span style=\"color:#000000;padding:6px 18px;font-size:14px;line-height:21px;border-color:#f4c26c;border-radius:6px;text-shadow:none\"><i class=\"sui sui-link\" style=\"font-size:14px;color:#FFFFFF\"><\/i> Fale Com Nossa Equipe<\/span><\/a>\n<\/div><\/div>\n<p>&nbsp;<\/p>\n<hr \/>\n<h5><strong>Fui multado, porem era outra que dirigia. O que fazer?<\/strong><\/h5>\n<div class=\"su-note\"  style=\"border-color:#dcdcdc;border-radius:3px;-moz-border-radius:3px;-webkit-border-radius:3px;\"><div class=\"su-note-inner su-u-clearfix su-u-trim\" style=\"background-color:#f6f6f6;border-color:#ffffff;color:#333333;border-radius:3px;-moz-border-radius:3px;-webkit-border-radius:3px;\">\n<p>Se voc\u00ea recebeu multas por infra\u00e7\u00f5es cometidas por outra pessoa conduzindo o seu ve\u00edculo no momento da multa, voce pode entrar com recurso de transferencia da pontua\u00e7\u00e3o gerada pela multa, para a carteira de motorista real infrator.<br \/>\nA responsabilidade pelo pagamento da multa, no entanto, permanece a cargo do propriet\u00e1rio do ve\u00edculo;<br \/>\nE fique atento ao prazo de admiss\u00e3o do recurso de transfer\u00eancia da multa para o real infrator.<\/p>\n<p>Se voc\u00ea quer entrar imediatamente com recurso, n\u00e3o deixe de solicitar nosso or\u00e7amento: nossa equipe \u00e9 especializada em elabora\u00e7\u00e3o de recurso de tranferencia de responsabilidade, trabalhando com pontualidade para voc\u00ea n\u00e3o perder prazos!<\/p>\n<a href=\"https:\/\/guardioesdotransito.com.br\/recursodemulta\/contato\/\" class=\"su-button su-button-style-default\" style=\"color:#000000;background-color:#efa72d;border-color:#c08624;border-radius:6px\" target=\"_self\"><span style=\"color:#000000;padding:6px 18px;font-size:14px;line-height:21px;border-color:#f4c26c;border-radius:6px;text-shadow:none\"><i class=\"sui sui-link\" style=\"font-size:14px;color:#FFFFFF\"><\/i> Fale Com Nossa Equipe<\/span><\/a>\n<\/div><\/div>\n<hr \/>\n<h5><strong>Notifica\u00e7\u00e3o n\u00e3o chegou e j\u00e1 est\u00e1 vencida. Como recorrer?<\/strong><\/h5>\n<div class=\"su-note\"  style=\"border-color:#dcdcdc;border-radius:3px;-moz-border-radius:3px;-webkit-border-radius:3px;\"><div class=\"su-note-inner su-u-clearfix su-u-trim\" style=\"background-color:#f6f6f6;border-color:#ffffff;color:#333333;border-radius:3px;-moz-border-radius:3px;-webkit-border-radius:3px;\">\n<p>O primeiro passo \u00e9 observar qual o \u00f3rg\u00e3o que aplicou a multa<br \/>\n&#8211; No caso de a infra\u00e7\u00e3o ter sido aplicada pelas prefeituras do Rio de Janeiro ou de Niter\u00f3i ou ainda pelo Departamento de Estradas de Rodagem (DER) e Pol\u00edcia Rodovi\u00e1ria Federal (PRF), procure diretamente os \u00f3rg\u00e3os e informe administrativamente o ocorrido.<br \/>\n&#8211; Em demais casos, a recomenda\u00e7\u00e3o \u00e9 que o condutor se dirija \u00e0 sede do Detran-RJ, e procure o Setor de Automa\u00e7\u00e3o de Infra\u00e7\u00f5es de Tr\u00e2nsito (Sait), solicitando a c\u00f3pia do comprovante onde conste a data que o documento foi expedido. Dependendo do motivo, o prazo para impetrar recurso poder\u00e1 ser prorrogado.<\/p>\n<p>E ainda: Se voc\u00ea n\u00e3o tem tempo e deseja entrar com recurso, entre em <a href=\"https:\/\/guardioesdotransito.com.br\/recursodemulta\/contato\/\">contato com a Guardi\u00f5es do Tr\u00e2nsito<\/a>: atuamos em todos os tramites, inclusive pleiteando a prorroga\u00e7\u00e3o de prazos para recursos, caso seja comprovado discrep\u00e2ncia entre a emiss\u00e3o e a notifica\u00e7\u00e3o da sua multa.<\/p>\n<a href=\"https:\/\/guardioesdotransito.com.br\/recursodemulta\/contato\/\" class=\"su-button su-button-style-default\" style=\"color:#000000;background-color:#efa72d;border-color:#c08624;border-radius:6px\" target=\"_self\"><span style=\"color:#000000;padding:6px 18px;font-size:14px;line-height:21px;border-color:#f4c26c;border-radius:6px;text-shadow:none\"><i class=\"sui sui-link\" style=\"font-size:14px;color:#FFFFFF\"><\/i> Fale Com Nossa Equipe<\/span><\/a>\n<\/div><\/div>\n<hr \/>\n<h5><strong>Perda de pontos leva \u00e0 suspens\u00e3o do direto de dirigir?<\/strong><\/h5>\n<div class=\"su-note\"  style=\"border-color:#dcdcdc;border-radius:3px;-moz-border-radius:3px;-webkit-border-radius:3px;\"><div class=\"su-note-inner su-u-clearfix su-u-trim\" style=\"background-color:#f6f6f6;border-color:#ffffff;color:#333333;border-radius:3px;-moz-border-radius:3px;-webkit-border-radius:3px;\">\n<p>Sim.<br \/>\nAo atingir 20 pontos negativos na carteira, o motorista \u00e9 submetido a processo administrativo, que poder\u00e1 culminar inicialmente na suspens\u00e3o do seu direito de dirigir de um m\u00eas a um ano.<br \/>\nO motorista tamb\u00e9m ter\u00e1 de matricular-se em curso de reciclagem e s\u00f3 receber\u00e1 a carteira de volta se, al\u00e9m de cumprir o prazo de suspens\u00e3o determinado pelo Detran-RJ, for aprovado no curso.<\/p>\n<p>Se voc\u00ea n\u00e3o tem tempo ou n\u00e3o sabe como recorrer, <a href=\"https:\/\/guardioesdotransito.com.br\/recursodemulta\/contato\/\">entre em contato com a Guardi\u00f5es do Tr\u00e2nsito<\/a>: nossa empresa \u00e9 especializada em recursos para evitar ou reverter a suspensao da sua carteira nacional de habilita\u00e7\u00e3o.<\/p>\n<a href=\"https:\/\/guardioesdotransito.com.br\/recursodemulta\/contato\/\" class=\"su-button su-button-style-default\" style=\"color:#000000;background-color:#efa72d;border-color:#c08624;border-radius:6px\" target=\"_self\"><span style=\"color:#000000;padding:6px 18px;font-size:14px;line-height:21px;border-color:#f4c26c;border-radius:6px;text-shadow:none\"><i class=\"sui sui-link\" style=\"font-size:14px;color:#FFFFFF\"><\/i> Fale Com Nossa Equipe<\/span><\/a>\n<\/div><\/div>\n<p>&nbsp;<\/p>\n<hr \/>\n<h5><strong>Como calcular a perda de pontos?<\/strong><\/h5>\n<div class=\"su-note\"  style=\"border-color:#dcdcdc;border-radius:3px;-moz-border-radius:3px;-webkit-border-radius:3px;\"><div class=\"su-note-inner su-u-clearfix su-u-trim\" style=\"background-color:#f6f6f6;border-color:#ffffff;color:#333333;border-radius:3px;-moz-border-radius:3px;-webkit-border-radius:3px;\">\n<p>Os pontos na carteira ficam ativos por em per\u00edodo de 12 meses.<br \/>\nQuer mais informa\u00e7\u00e3o sobre como fazer a contagem de pontos? <a href=\"https:\/\/guardioesdotransito.com.br\/recursodemulta\/contato\/\">Entre em contato com a Guardi\u00f5es do Tr\u00e2nsito<\/a>.<\/p>\n<a href=\"https:\/\/guardioesdotransito.com.br\/recursodemulta\/contato\/\" class=\"su-button su-button-style-default\" style=\"color:#000000;background-color:#efa72d;border-color:#c08624;border-radius:6px\" target=\"_self\"><span style=\"color:#000000;padding:6px 18px;font-size:14px;line-height:21px;border-color:#f4c26c;border-radius:6px;text-shadow:none\"><i class=\"sui sui-link\" style=\"font-size:14px;color:#FFFFFF\"><\/i> Fale Com Nossa Equipe<\/span><\/a>\n<\/div><\/div>\n[whatsapp phone=&#8221;5521972909536&#8243; blank=&#8221;true&#8221;] D\u00favidas? Estamos online[\/whatsapp]\n","protected":false},"excerpt":{"rendered":"<p>Conhe\u00e7a abaixo as d\u00favidas mais recorrentes sobre multas\u00a0 e recursos: [whatsapp phone=&#8221;5521972909536&#8243; blank=&#8221;true&#8221;] D\u00favidas? Estamos online[\/whatsapp] Como saber se tenho alguma multa? &nbsp; Ap\u00f3s paga,<\/p>\n","protected":false},"author":1,"featured_media":0,"parent":0,"menu_order":0,"comment_status":"closed","ping_status":"closed","template":"","meta":{"footnotes":"","_links_to":"","_links_to_target":""},"class_list":["post-50","page","type-page","status-publish","hentry"],"yoast_head":"<!-- This site is optimized with the Yoast SEO plugin v26.7 - https:\/\/yoast.com\/wordpress\/plugins\/seo\/ -->\n<title>D\u00favidas Mais Frequentes - Guardi\u00f5es do tr\u00e2nsito<\/title>\n<meta name=\"description\" content=\"Recurso de Multa Lei Seca, Recursos em processo de Cassa\u00e7\u00e3o de CNH e Suspen\u00e7\u00e3o de CNH e Contensta\u00e7\u00e3o de multas de transito\" \/>\n<meta name=\"robots\" content=\"index, follow, max-snippet:-1, max-image-preview:large, max-video-preview:-1\" \/>\n<link rel=\"canonical\" href=\"https:\/\/guardioesdotransito.com.br\/recursodemulta\/perguntas-mais-frequentes\/\" \/>\n<meta property=\"og:locale\" content=\"pt_BR\" \/>\n<meta property=\"og:type\" content=\"article\" \/>\n<meta property=\"og:title\" content=\"D\u00favidas Mais Frequentes - Guardi\u00f5es do tr\u00e2nsito\" \/>\n<meta property=\"og:description\" content=\"Recurso de Multa Lei Seca, Recursos em processo de Cassa\u00e7\u00e3o de CNH e Suspen\u00e7\u00e3o de CNH e Contensta\u00e7\u00e3o de multas de transito\" \/>\n<meta property=\"og:url\" content=\"https:\/\/guardioesdotransito.com.br\/recursodemulta\/perguntas-mais-frequentes\/\" \/>\n<meta property=\"og:site_name\" content=\"Guardi\u00f5es do tr\u00e2nsito\" \/>\n<meta property=\"article:publisher\" content=\"https:\/\/www.facebook.com\/gtassuntosdetransito\/\" \/>\n<meta property=\"article:modified_time\" content=\"2019-06-08T00:43:11+00:00\" \/>\n<meta name=\"twitter:card\" content=\"summary_large_image\" \/>\n<meta name=\"twitter:label1\" content=\"Est. tempo de leitura\" \/>\n\t<meta name=\"twitter:data1\" content=\"4 minutos\" \/>\n<script type=\"application\/ld+json\" class=\"yoast-schema-graph\">{\"@context\":\"https:\/\/schema.org\",\"@graph\":[{\"@type\":\"WebPage\",\"@id\":\"https:\/\/guardioesdotransito.com.br\/recursodemulta\/perguntas-mais-frequentes\/\",\"url\":\"https:\/\/guardioesdotransito.com.br\/recursodemulta\/perguntas-mais-frequentes\/\",\"name\":\"D\u00favidas Mais Frequentes - Guardi\u00f5es do tr\u00e2nsito\",\"isPartOf\":{\"@id\":\"https:\/\/guardioesdotransito.com.br\/recursodemulta\/#website\"},\"datePublished\":\"2019-02-25T23:22:45+00:00\",\"dateModified\":\"2019-06-08T00:43:11+00:00\",\"description\":\"Recurso de Multa Lei Seca, Recursos em processo de Cassa\u00e7\u00e3o de CNH e Suspen\u00e7\u00e3o de CNH e Contensta\u00e7\u00e3o de multas de transito\",\"breadcrumb\":{\"@id\":\"https:\/\/guardioesdotransito.com.br\/recursodemulta\/perguntas-mais-frequentes\/#breadcrumb\"},\"inLanguage\":\"pt-BR\",\"potentialAction\":[{\"@type\":\"ReadAction\",\"target\":[\"https:\/\/guardioesdotransito.com.br\/recursodemulta\/perguntas-mais-frequentes\/\"]}]},{\"@type\":\"BreadcrumbList\",\"@id\":\"https:\/\/guardioesdotransito.com.br\/recursodemulta\/perguntas-mais-frequentes\/#breadcrumb\",\"itemListElement\":[{\"@type\":\"ListItem\",\"position\":1,\"name\":\"In\u00edcio\",\"item\":\"https:\/\/guardioesdotransito.com.br\/recursodemulta\/\"},{\"@type\":\"ListItem\",\"position\":2,\"name\":\"D\u00favidas Mais Frequentes\"}]},{\"@type\":\"WebSite\",\"@id\":\"https:\/\/guardioesdotransito.com.br\/recursodemulta\/#website\",\"url\":\"https:\/\/guardioesdotransito.com.br\/recursodemulta\/\",\"name\":\"Guardi\u00f5es do tr\u00e2nsito\",\"description\":\"Recurso de Multas\",\"publisher\":{\"@id\":\"https:\/\/guardioesdotransito.com.br\/recursodemulta\/#organization\"},\"potentialAction\":[{\"@type\":\"SearchAction\",\"target\":{\"@type\":\"EntryPoint\",\"urlTemplate\":\"https:\/\/guardioesdotransito.com.br\/recursodemulta\/?s={search_term_string}\"},\"query-input\":{\"@type\":\"PropertyValueSpecification\",\"valueRequired\":true,\"valueName\":\"search_term_string\"}}],\"inLanguage\":\"pt-BR\"},{\"@type\":\"Organization\",\"@id\":\"https:\/\/guardioesdotransito.com.br\/recursodemulta\/#organization\",\"name\":\"Guardi\u00f5es do Tr\u00e2nsito\",\"url\":\"https:\/\/guardioesdotransito.com.br\/recursodemulta\/\",\"logo\":{\"@type\":\"ImageObject\",\"inLanguage\":\"pt-BR\",\"@id\":\"https:\/\/guardioesdotransito.com.br\/recursodemulta\/#\/schema\/logo\/image\/\",\"url\":\"https:\/\/guardioesdotransito.com.br\/recursodemulta\/wp-content\/uploads\/2019\/02\/logomedioblack.png\",\"contentUrl\":\"https:\/\/guardioesdotransito.com.br\/recursodemulta\/wp-content\/uploads\/2019\/02\/logomedioblack.png\",\"width\":192,\"height\":160,\"caption\":\"Guardi\u00f5es do Tr\u00e2nsito\"},\"image\":{\"@id\":\"https:\/\/guardioesdotransito.com.br\/recursodemulta\/#\/schema\/logo\/image\/\"},\"sameAs\":[\"https:\/\/www.facebook.com\/gtassuntosdetransito\/\",\"https:\/\/www.instagram.com\/gtassuntosdetransito\/\"]}]}<\/script>\n<!-- \/ Yoast SEO plugin. -->","yoast_head_json":{"title":"D\u00favidas Mais Frequentes - Guardi\u00f5es do tr\u00e2nsito","description":"Recurso de Multa Lei Seca, Recursos em processo de Cassa\u00e7\u00e3o de CNH e Suspen\u00e7\u00e3o de CNH e Contensta\u00e7\u00e3o de multas de transito","robots":{"index":"index","follow":"follow","max-snippet":"max-snippet:-1","max-image-preview":"max-image-preview:large","max-video-preview":"max-video-preview:-1"},"canonical":"https:\/\/guardioesdotransito.com.br\/recursodemulta\/perguntas-mais-frequentes\/","og_locale":"pt_BR","og_type":"article","og_title":"D\u00favidas Mais Frequentes - Guardi\u00f5es do tr\u00e2nsito","og_description":"Recurso de Multa Lei Seca, Recursos em processo de Cassa\u00e7\u00e3o de CNH e Suspen\u00e7\u00e3o de CNH e Contensta\u00e7\u00e3o de multas de transito","og_url":"https:\/\/guardioesdotransito.com.br\/recursodemulta\/perguntas-mais-frequentes\/","og_site_name":"Guardi\u00f5es do tr\u00e2nsito","article_publisher":"https:\/\/www.facebook.com\/gtassuntosdetransito\/","article_modified_time":"2019-06-08T00:43:11+00:00","twitter_card":"summary_large_image","twitter_misc":{"Est. tempo de leitura":"4 minutos"},"schema":{"@context":"https:\/\/schema.org","@graph":[{"@type":"WebPage","@id":"https:\/\/guardioesdotransito.com.br\/recursodemulta\/perguntas-mais-frequentes\/","url":"https:\/\/guardioesdotransito.com.br\/recursodemulta\/perguntas-mais-frequentes\/","name":"D\u00favidas Mais Frequentes - Guardi\u00f5es do tr\u00e2nsito","isPartOf":{"@id":"https:\/\/guardioesdotransito.com.br\/recursodemulta\/#website"},"datePublished":"2019-02-25T23:22:45+00:00","dateModified":"2019-06-08T00:43:11+00:00","description":"Recurso de Multa Lei Seca, Recursos em processo de Cassa\u00e7\u00e3o de CNH e Suspen\u00e7\u00e3o de CNH e Contensta\u00e7\u00e3o de multas de transito","breadcrumb":{"@id":"https:\/\/guardioesdotransito.com.br\/recursodemulta\/perguntas-mais-frequentes\/#breadcrumb"},"inLanguage":"pt-BR","potentialAction":[{"@type":"ReadAction","target":["https:\/\/guardioesdotransito.com.br\/recursodemulta\/perguntas-mais-frequentes\/"]}]},{"@type":"BreadcrumbList","@id":"https:\/\/guardioesdotransito.com.br\/recursodemulta\/perguntas-mais-frequentes\/#breadcrumb","itemListElement":[{"@type":"ListItem","position":1,"name":"In\u00edcio","item":"https:\/\/guardioesdotransito.com.br\/recursodemulta\/"},{"@type":"ListItem","position":2,"name":"D\u00favidas Mais Frequentes"}]},{"@type":"WebSite","@id":"https:\/\/guardioesdotransito.com.br\/recursodemulta\/#website","url":"https:\/\/guardioesdotransito.com.br\/recursodemulta\/","name":"Guardi\u00f5es do tr\u00e2nsito","description":"Recurso de Multas","publisher":{"@id":"https:\/\/guardioesdotransito.com.br\/recursodemulta\/#organization"},"potentialAction":[{"@type":"SearchAction","target":{"@type":"EntryPoint","urlTemplate":"https:\/\/guardioesdotransito.com.br\/recursodemulta\/?s={search_term_string}"},"query-input":{"@type":"PropertyValueSpecification","valueRequired":true,"valueName":"search_term_string"}}],"inLanguage":"pt-BR"},{"@type":"Organization","@id":"https:\/\/guardioesdotransito.com.br\/recursodemulta\/#organization","name":"Guardi\u00f5es do Tr\u00e2nsito","url":"https:\/\/guardioesdotransito.com.br\/recursodemulta\/","logo":{"@type":"ImageObject","inLanguage":"pt-BR","@id":"https:\/\/guardioesdotransito.com.br\/recursodemulta\/#\/schema\/logo\/image\/","url":"https:\/\/guardioesdotransito.com.br\/recursodemulta\/wp-content\/uploads\/2019\/02\/logomedioblack.png","contentUrl":"https:\/\/guardioesdotransito.com.br\/recursodemulta\/wp-content\/uploads\/2019\/02\/logomedioblack.png","width":192,"height":160,"caption":"Guardi\u00f5es do Tr\u00e2nsito"},"image":{"@id":"https:\/\/guardioesdotransito.com.br\/recursodemulta\/#\/schema\/logo\/image\/"},"sameAs":["https:\/\/www.facebook.com\/gtassuntosdetransito\/","https:\/\/www.instagram.com\/gtassuntosdetransito\/"]}]}},"_links":{"self":[{"href":"https:\/\/guardioesdotransito.com.br\/recursodemulta\/wp-json\/wp\/v2\/pages\/50","targetHints":{"allow":["GET"]}}],"collection":[{"href":"https:\/\/guardioesdotransito.com.br\/recursodemulta\/wp-json\/wp\/v2\/pages"}],"about":[{"href":"https:\/\/guardioesdotransito.com.br\/recursodemulta\/wp-json\/wp\/v2\/types\/page"}],"author":[{"embeddable":true,"href":"https:\/\/guardioesdotransito.com.br\/recursodemulta\/wp-json\/wp\/v2\/users\/1"}],"replies":[{"embeddable":true,"href":"https:\/\/guardioesdotransito.com.br\/recursodemulta\/wp-json\/wp\/v2\/comments?post=50"}],"version-history":[{"count":28,"href":"https:\/\/guardioesdotransito.com.br\/recursodemulta\/wp-json\/wp\/v2\/pages\/50\/revisions"}],"predecessor-version":[{"id":1094,"href":"https:\/\/guardioesdotransito.com.br\/recursodemulta\/wp-json\/wp\/v2\/pages\/50\/revisions\/1094"}],"wp:attachment":[{"href":"https:\/\/guardioesdotransito.com.br\/recursodemulta\/wp-json\/wp\/v2\/media?parent=50"}],"curies":[{"name":"wp","href":"https:\/\/api.w.org\/{rel}","templated":true}]}}