{"id":591,"date":"2019-02-27T14:46:06","date_gmt":"2019-02-27T17:46:06","guid":{"rendered":"https:\/\/guardioesdotransito.com.br\/recursodemulta\/?page_id=591"},"modified":"2022-06-18T12:37:10","modified_gmt":"2022-06-18T15:37:10","slug":"cnh-suspensa-ou-cassada","status":"publish","type":"page","link":"https:\/\/guardioesdotransito.com.br\/recursodemulta\/cnh-suspensa-ou-cassada\/","title":{"rendered":"CNH Suspensa ou Cassada"},"content":{"rendered":"<p>Sua CNH foi suspensa ou cassada?<br \/>\nSelecione abaixo o tipo de recurso que voc\u00ea necessita:<\/p>\n<hr \/>\n<h4><ul id=\"menu-cnh-suspensa-ou-cassada\" class=\"menu\"><li id=\"menu-item-592\" class=\"menu-item menu-item-type-post_type menu-item-object-page menu-item-592\"><a href=\"https:\/\/guardioesdotransito.com.br\/recursodemulta\/cassacao-da-cnh\/\">Cassa\u00e7\u00e3o da CNH<\/a><\/li>\n<li id=\"menu-item-593\" class=\"menu-item menu-item-type-post_type menu-item-object-page menu-item-593\"><a href=\"https:\/\/guardioesdotransito.com.br\/recursodemulta\/suspensao-da-cnh\/\">Suspens\u00e3o da CNH<\/a><\/li>\n<\/ul><\/h4>\n<hr \/>\n<blockquote><p><strong><a href=\"https:\/\/guardioesdotransito.com.br\/recursodemulta\/perguntas-mais-frequentes\/\">Fornecemos sem compromisso an\u00e1lise sobre as chances reais de seu recurso<\/a>.<\/strong><\/p><\/blockquote>\n<div id=\"su_slider_69e4fcad1ba30\" class=\"su-slider su-slider-pages-no su-slider-responsive-yes su-lightbox-gallery\" style=\"width:100%\" data-autoplay=\"3000\" data-speed=\"600\" data-mousewheel=\"true\"><div class=\"su-slider-slides\"><div class=\"su-slider-slide\"><a href=\"https:\/\/guardioesdotransito.com.br\/recursodemulta\/wp-content\/uploads\/2022\/06\/guardioes.jpg\"  title=\"Guardi\u00f5es do tr\u00e2nsito  Recurso de Multa RJ Recorrer Multas de Tr\u00e2nsito Guardi\u00f5es do Tr\u00e2nsito\"><img decoding=\"async\" src=\"https:\/\/guardioesdotransito.com.br\/recursodemulta\/wp-content\/uploads\/2022\/06\/guardioes-620x300.jpg\" alt=\"Guardi\u00f5es do tr\u00e2nsito  Recurso de Multa RJ Recorrer Multas de Tr\u00e2nsito Guardi\u00f5es do Tr\u00e2nsito\" \/><\/a><\/div><div class=\"su-slider-slide\"><a href=\"https:\/\/guardioesdotransito.com.br\/recursodemulta\/wp-content\/uploads\/2022\/06\/recorrer-lei-seca.jpg\"  title=\"Recurso de Multa Guardi\u00f5es do Tr\u00e2nsito\"><img decoding=\"async\" src=\"https:\/\/guardioesdotransito.com.br\/recursodemulta\/wp-content\/uploads\/2022\/06\/recorrer-lei-seca-620x300.jpg\" alt=\"Recurso de Multa Guardi\u00f5es do Tr\u00e2nsito\" \/><\/a><\/div><div class=\"su-slider-slide\"><a href=\"https:\/\/guardioesdotransito.com.br\/recursodemulta\/wp-content\/uploads\/2022\/06\/recorrer-de-multa3.jpg\"  title=\"Recorrer multas graves de tr\u00e2nsito\"><img decoding=\"async\" src=\"https:\/\/guardioesdotransito.com.br\/recursodemulta\/wp-content\/uploads\/2022\/06\/recorrer-de-multa3-620x300.jpg\" alt=\"Recorrer multas graves de tr\u00e2nsito\" \/><\/a><\/div><div class=\"su-slider-slide\"><a href=\"https:\/\/guardioesdotransito.com.br\/recursodemulta\/wp-content\/uploads\/2022\/06\/recorrer-de-multa2.jpg\"  title=\"Recorrer multas graves de tr\u00e2nsito\"><img decoding=\"async\" src=\"https:\/\/guardioesdotransito.com.br\/recursodemulta\/wp-content\/uploads\/2022\/06\/recorrer-de-multa2-620x300.jpg\" alt=\"Recorrer multas graves de tr\u00e2nsito\" \/><\/a><\/div><div class=\"su-slider-slide\"><a href=\"https:\/\/guardioesdotransito.com.br\/recursodemulta\/wp-content\/uploads\/2022\/06\/recorrer-de-multa0.jpg\"  title=\"Recorrer Multas de Tr\u00e2nsito Guardi\u00f5es do Tr\u00e2nsito\"><img decoding=\"async\" src=\"https:\/\/guardioesdotransito.com.br\/recursodemulta\/wp-content\/uploads\/2022\/06\/recorrer-de-multa0-620x300.jpg\" alt=\"Recorrer Multas de Tr\u00e2nsito Guardi\u00f5es do Tr\u00e2nsito\" \/><\/a><\/div><div class=\"su-slider-slide\"><a href=\"https:\/\/guardioesdotransito.com.br\/recursodemulta\/wp-content\/uploads\/2022\/06\/recorrer-de-multa.jpg\"  title=\"Recorrer Multas de Tr\u00e2nsito Guardi\u00f5es do Tr\u00e2nsito\"><img decoding=\"async\" src=\"https:\/\/guardioesdotransito.com.br\/recursodemulta\/wp-content\/uploads\/2022\/06\/recorrer-de-multa-620x300.jpg\" alt=\"Recorrer Multas de Tr\u00e2nsito Guardi\u00f5es do Tr\u00e2nsito\" \/><\/a><\/div><\/div><div class=\"su-slider-nav\"><div class=\"su-slider-direction\"><span class=\"su-slider-prev\"><\/span><span class=\"su-slider-next\"><\/span><\/div><div class=\"su-slider-pagination\"><\/div><\/div><\/div>\n<p>&nbsp;<\/p>\n","protected":false},"excerpt":{"rendered":"<p>Sua CNH foi suspensa ou cassada? Selecione abaixo o tipo de recurso que voc\u00ea necessita: Fornecemos sem compromisso an\u00e1lise sobre as chances reais de seu<\/p>\n","protected":false},"author":1,"featured_media":0,"parent":0,"menu_order":0,"comment_status":"closed","ping_status":"closed","template":"","meta":{"footnotes":"","_links_to":"","_links_to_target":""},"class_list":["post-591","page","type-page","status-publish","hentry"],"yoast_head":"<!-- This site is optimized with the Yoast SEO plugin v26.7 - https:\/\/yoast.com\/wordpress\/plugins\/seo\/ -->\n<title>CNH Suspensa ou Cassada - Guardi\u00f5es do tr\u00e2nsito<\/title>\n<meta name=\"description\" content=\"Recurso de Multa Lei Seca, Recursos em processo de Cassa\u00e7\u00e3o de CNH e Suspen\u00e7\u00e3o de CNH e Contensta\u00e7\u00e3o de multas de transito\" \/>\n<meta name=\"robots\" content=\"index, follow, max-snippet:-1, max-image-preview:large, max-video-preview:-1\" \/>\n<link rel=\"canonical\" href=\"https:\/\/guardioesdotransito.com.br\/recursodemulta\/cnh-suspensa-ou-cassada\/\" \/>\n<meta property=\"og:locale\" content=\"pt_BR\" \/>\n<meta property=\"og:type\" content=\"article\" \/>\n<meta property=\"og:title\" content=\"CNH Suspensa ou Cassada - Guardi\u00f5es do tr\u00e2nsito\" \/>\n<meta property=\"og:description\" content=\"Recurso de Multa Lei Seca, Recursos em processo de Cassa\u00e7\u00e3o de CNH e Suspen\u00e7\u00e3o de CNH e Contensta\u00e7\u00e3o de multas de transito\" \/>\n<meta property=\"og:url\" content=\"https:\/\/guardioesdotransito.com.br\/recursodemulta\/cnh-suspensa-ou-cassada\/\" \/>\n<meta property=\"og:site_name\" content=\"Guardi\u00f5es do tr\u00e2nsito\" \/>\n<meta property=\"article:publisher\" content=\"https:\/\/www.facebook.com\/gtassuntosdetransito\/\" \/>\n<meta property=\"article:modified_time\" content=\"2022-06-18T15:37:10+00:00\" \/>\n<meta name=\"twitter:card\" content=\"summary_large_image\" \/>\n<script type=\"application\/ld+json\" class=\"yoast-schema-graph\">{\"@context\":\"https:\/\/schema.org\",\"@graph\":[{\"@type\":\"WebPage\",\"@id\":\"https:\/\/guardioesdotransito.com.br\/recursodemulta\/cnh-suspensa-ou-cassada\/\",\"url\":\"https:\/\/guardioesdotransito.com.br\/recursodemulta\/cnh-suspensa-ou-cassada\/\",\"name\":\"CNH Suspensa ou Cassada - Guardi\u00f5es do tr\u00e2nsito\",\"isPartOf\":{\"@id\":\"https:\/\/guardioesdotransito.com.br\/recursodemulta\/#website\"},\"datePublished\":\"2019-02-27T17:46:06+00:00\",\"dateModified\":\"2022-06-18T15:37:10+00:00\",\"description\":\"Recurso de Multa Lei Seca, Recursos em processo de Cassa\u00e7\u00e3o de CNH e Suspen\u00e7\u00e3o de CNH e Contensta\u00e7\u00e3o de multas de transito\",\"breadcrumb\":{\"@id\":\"https:\/\/guardioesdotransito.com.br\/recursodemulta\/cnh-suspensa-ou-cassada\/#breadcrumb\"},\"inLanguage\":\"pt-BR\",\"potentialAction\":[{\"@type\":\"ReadAction\",\"target\":[\"https:\/\/guardioesdotransito.com.br\/recursodemulta\/cnh-suspensa-ou-cassada\/\"]}]},{\"@type\":\"BreadcrumbList\",\"@id\":\"https:\/\/guardioesdotransito.com.br\/recursodemulta\/cnh-suspensa-ou-cassada\/#breadcrumb\",\"itemListElement\":[{\"@type\":\"ListItem\",\"position\":1,\"name\":\"In\u00edcio\",\"item\":\"https:\/\/guardioesdotransito.com.br\/recursodemulta\/\"},{\"@type\":\"ListItem\",\"position\":2,\"name\":\"CNH Suspensa ou Cassada\"}]},{\"@type\":\"WebSite\",\"@id\":\"https:\/\/guardioesdotransito.com.br\/recursodemulta\/#website\",\"url\":\"https:\/\/guardioesdotransito.com.br\/recursodemulta\/\",\"name\":\"Guardi\u00f5es do tr\u00e2nsito\",\"description\":\"Recurso de Multas\",\"publisher\":{\"@id\":\"https:\/\/guardioesdotransito.com.br\/recursodemulta\/#organization\"},\"potentialAction\":[{\"@type\":\"SearchAction\",\"target\":{\"@type\":\"EntryPoint\",\"urlTemplate\":\"https:\/\/guardioesdotransito.com.br\/recursodemulta\/?s={search_term_string}\"},\"query-input\":{\"@type\":\"PropertyValueSpecification\",\"valueRequired\":true,\"valueName\":\"search_term_string\"}}],\"inLanguage\":\"pt-BR\"},{\"@type\":\"Organization\",\"@id\":\"https:\/\/guardioesdotransito.com.br\/recursodemulta\/#organization\",\"name\":\"Guardi\u00f5es do Tr\u00e2nsito\",\"url\":\"https:\/\/guardioesdotransito.com.br\/recursodemulta\/\",\"logo\":{\"@type\":\"ImageObject\",\"inLanguage\":\"pt-BR\",\"@id\":\"https:\/\/guardioesdotransito.com.br\/recursodemulta\/#\/schema\/logo\/image\/\",\"url\":\"https:\/\/guardioesdotransito.com.br\/recursodemulta\/wp-content\/uploads\/2019\/02\/logomedioblack.png\",\"contentUrl\":\"https:\/\/guardioesdotransito.com.br\/recursodemulta\/wp-content\/uploads\/2019\/02\/logomedioblack.png\",\"width\":192,\"height\":160,\"caption\":\"Guardi\u00f5es do Tr\u00e2nsito\"},\"image\":{\"@id\":\"https:\/\/guardioesdotransito.com.br\/recursodemulta\/#\/schema\/logo\/image\/\"},\"sameAs\":[\"https:\/\/www.facebook.com\/gtassuntosdetransito\/\",\"https:\/\/www.instagram.com\/gtassuntosdetransito\/\"]}]}<\/script>\n<!-- \/ Yoast SEO plugin. -->","yoast_head_json":{"title":"CNH Suspensa ou Cassada - Guardi\u00f5es do tr\u00e2nsito","description":"Recurso de Multa Lei Seca, Recursos em processo de Cassa\u00e7\u00e3o de CNH e Suspen\u00e7\u00e3o de CNH e Contensta\u00e7\u00e3o de multas de transito","robots":{"index":"index","follow":"follow","max-snippet":"max-snippet:-1","max-image-preview":"max-image-preview:large","max-video-preview":"max-video-preview:-1"},"canonical":"https:\/\/guardioesdotransito.com.br\/recursodemulta\/cnh-suspensa-ou-cassada\/","og_locale":"pt_BR","og_type":"article","og_title":"CNH Suspensa ou Cassada - Guardi\u00f5es do tr\u00e2nsito","og_description":"Recurso de Multa Lei Seca, Recursos em processo de Cassa\u00e7\u00e3o de CNH e Suspen\u00e7\u00e3o de CNH e Contensta\u00e7\u00e3o de multas de transito","og_url":"https:\/\/guardioesdotransito.com.br\/recursodemulta\/cnh-suspensa-ou-cassada\/","og_site_name":"Guardi\u00f5es do tr\u00e2nsito","article_publisher":"https:\/\/www.facebook.com\/gtassuntosdetransito\/","article_modified_time":"2022-06-18T15:37:10+00:00","twitter_card":"summary_large_image","schema":{"@context":"https:\/\/schema.org","@graph":[{"@type":"WebPage","@id":"https:\/\/guardioesdotransito.com.br\/recursodemulta\/cnh-suspensa-ou-cassada\/","url":"https:\/\/guardioesdotransito.com.br\/recursodemulta\/cnh-suspensa-ou-cassada\/","name":"CNH Suspensa ou Cassada - Guardi\u00f5es do tr\u00e2nsito","isPartOf":{"@id":"https:\/\/guardioesdotransito.com.br\/recursodemulta\/#website"},"datePublished":"2019-02-27T17:46:06+00:00","dateModified":"2022-06-18T15:37:10+00:00","description":"Recurso de Multa Lei Seca, Recursos em processo de Cassa\u00e7\u00e3o de CNH e Suspen\u00e7\u00e3o de CNH e Contensta\u00e7\u00e3o de multas de transito","breadcrumb":{"@id":"https:\/\/guardioesdotransito.com.br\/recursodemulta\/cnh-suspensa-ou-cassada\/#breadcrumb"},"inLanguage":"pt-BR","potentialAction":[{"@type":"ReadAction","target":["https:\/\/guardioesdotransito.com.br\/recursodemulta\/cnh-suspensa-ou-cassada\/"]}]},{"@type":"BreadcrumbList","@id":"https:\/\/guardioesdotransito.com.br\/recursodemulta\/cnh-suspensa-ou-cassada\/#breadcrumb","itemListElement":[{"@type":"ListItem","position":1,"name":"In\u00edcio","item":"https:\/\/guardioesdotransito.com.br\/recursodemulta\/"},{"@type":"ListItem","position":2,"name":"CNH Suspensa ou Cassada"}]},{"@type":"WebSite","@id":"https:\/\/guardioesdotransito.com.br\/recursodemulta\/#website","url":"https:\/\/guardioesdotransito.com.br\/recursodemulta\/","name":"Guardi\u00f5es do tr\u00e2nsito","description":"Recurso de Multas","publisher":{"@id":"https:\/\/guardioesdotransito.com.br\/recursodemulta\/#organization"},"potentialAction":[{"@type":"SearchAction","target":{"@type":"EntryPoint","urlTemplate":"https:\/\/guardioesdotransito.com.br\/recursodemulta\/?s={search_term_string}"},"query-input":{"@type":"PropertyValueSpecification","valueRequired":true,"valueName":"search_term_string"}}],"inLanguage":"pt-BR"},{"@type":"Organization","@id":"https:\/\/guardioesdotransito.com.br\/recursodemulta\/#organization","name":"Guardi\u00f5es do Tr\u00e2nsito","url":"https:\/\/guardioesdotransito.com.br\/recursodemulta\/","logo":{"@type":"ImageObject","inLanguage":"pt-BR","@id":"https:\/\/guardioesdotransito.com.br\/recursodemulta\/#\/schema\/logo\/image\/","url":"https:\/\/guardioesdotransito.com.br\/recursodemulta\/wp-content\/uploads\/2019\/02\/logomedioblack.png","contentUrl":"https:\/\/guardioesdotransito.com.br\/recursodemulta\/wp-content\/uploads\/2019\/02\/logomedioblack.png","width":192,"height":160,"caption":"Guardi\u00f5es do Tr\u00e2nsito"},"image":{"@id":"https:\/\/guardioesdotransito.com.br\/recursodemulta\/#\/schema\/logo\/image\/"},"sameAs":["https:\/\/www.facebook.com\/gtassuntosdetransito\/","https:\/\/www.instagram.com\/gtassuntosdetransito\/"]}]}},"_links":{"self":[{"href":"https:\/\/guardioesdotransito.com.br\/recursodemulta\/wp-json\/wp\/v2\/pages\/591","targetHints":{"allow":["GET"]}}],"collection":[{"href":"https:\/\/guardioesdotransito.com.br\/recursodemulta\/wp-json\/wp\/v2\/pages"}],"about":[{"href":"https:\/\/guardioesdotransito.com.br\/recursodemulta\/wp-json\/wp\/v2\/types\/page"}],"author":[{"embeddable":true,"href":"https:\/\/guardioesdotransito.com.br\/recursodemulta\/wp-json\/wp\/v2\/users\/1"}],"replies":[{"embeddable":true,"href":"https:\/\/guardioesdotransito.com.br\/recursodemulta\/wp-json\/wp\/v2\/comments?post=591"}],"version-history":[{"count":8,"href":"https:\/\/guardioesdotransito.com.br\/recursodemulta\/wp-json\/wp\/v2\/pages\/591\/revisions"}],"predecessor-version":[{"id":1324,"href":"https:\/\/guardioesdotransito.com.br\/recursodemulta\/wp-json\/wp\/v2\/pages\/591\/revisions\/1324"}],"wp:attachment":[{"href":"https:\/\/guardioesdotransito.com.br\/recursodemulta\/wp-json\/wp\/v2\/media?parent=591"}],"curies":[{"name":"wp","href":"https:\/\/api.w.org\/{rel}","templated":true}]}}