{"id":607,"date":"2015-02-27T14:58:48","date_gmt":"2015-02-27T17:58:48","guid":{"rendered":"https:\/\/guardioesdotransito.com.br\/recursodemulta\/?page_id=607"},"modified":"2022-06-18T12:41:45","modified_gmt":"2022-06-18T15:41:45","slug":"saiba-mais","status":"publish","type":"page","link":"https:\/\/guardioesdotransito.com.br\/recursodemulta\/saiba-mais\/","title":{"rendered":"Saiba Mais"},"content":{"rendered":"<p><!--more-->Saiba mais sobre nossa empresa e conhe\u00e7a links e informa\u00e7\u00f5es sobre\u00a0 como recorrer.<br \/>\nSelecione abaixo o link de seu interesse:<\/p>\n<hr \/>\n<h4><ul id=\"menu-saiba-mais\" class=\"menu\"><li id=\"menu-item-613\" class=\"menu-item menu-item-type-post_type menu-item-object-page menu-item-613\"><a href=\"https:\/\/guardioesdotransito.com.br\/recursodemulta\/sobre-a-guardioes-do-transito\/\">Sobre a Guardi\u00f5es do Tr\u00e2nsito<\/a><\/li>\n<li id=\"menu-item-610\" class=\"menu-item menu-item-type-post_type menu-item-object-page menu-item-610\"><a href=\"https:\/\/guardioesdotransito.com.br\/recursodemulta\/decisoes-favoraveis\/\">Decis\u00f5es Favor\u00e1veis<\/a><\/li>\n<li id=\"menu-item-611\" class=\"menu-item menu-item-type-post_type menu-item-object-page menu-item-611\"><a href=\"https:\/\/guardioesdotransito.com.br\/recursodemulta\/consulte-sua-multa\/\">Consulte Sua Multa<\/a><\/li>\n<li id=\"menu-item-612\" class=\"menu-item menu-item-type-post_type menu-item-object-page menu-item-612\"><a href=\"https:\/\/guardioesdotransito.com.br\/recursodemulta\/links-importantes\/\">Links Importantes<\/a><\/li>\n<li id=\"menu-item-609\" class=\"menu-item menu-item-type-post_type menu-item-object-page menu-item-609\"><a href=\"https:\/\/guardioesdotransito.com.br\/recursodemulta\/perguntas-mais-frequentes\/\">D\u00favidas Mais Frequentes<\/a><\/li>\n<\/ul><\/h4>\n<hr \/>\n<blockquote><p><strong><a href=\"https:\/\/guardioesdotransito.com.br\/recursodemulta\/perguntas-mais-frequentes\/\">Fornecemos sem compromisso an\u00e1lise sobre as chances reais de seu recurso<\/a>.<\/strong><\/p><\/blockquote>\n<blockquote><p>&nbsp;<\/p><\/blockquote>\n<div id=\"su_slider_69e4ee615428f\" class=\"su-slider su-slider-pages-no su-slider-responsive-yes su-lightbox-gallery\" style=\"width:100%\" data-autoplay=\"3000\" data-speed=\"600\" data-mousewheel=\"true\"><div class=\"su-slider-slides\"><div class=\"su-slider-slide\"><a href=\"https:\/\/guardioesdotransito.com.br\/recursodemulta\/wp-content\/uploads\/2022\/06\/guardioes.jpg\"  title=\"Guardi\u00f5es do tr\u00e2nsito  Recurso de Multa RJ Recorrer Multas de Tr\u00e2nsito Guardi\u00f5es do Tr\u00e2nsito\"><img decoding=\"async\" src=\"https:\/\/guardioesdotransito.com.br\/recursodemulta\/wp-content\/uploads\/2022\/06\/guardioes-620x300.jpg\" alt=\"Guardi\u00f5es do tr\u00e2nsito  Recurso de Multa RJ Recorrer Multas de Tr\u00e2nsito Guardi\u00f5es do Tr\u00e2nsito\" \/><\/a><\/div><div class=\"su-slider-slide\"><a href=\"https:\/\/guardioesdotransito.com.br\/recursodemulta\/wp-content\/uploads\/2022\/06\/recorrer-lei-seca.jpg\"  title=\"Recurso de Multa Guardi\u00f5es do Tr\u00e2nsito\"><img decoding=\"async\" src=\"https:\/\/guardioesdotransito.com.br\/recursodemulta\/wp-content\/uploads\/2022\/06\/recorrer-lei-seca-620x300.jpg\" alt=\"Recurso de Multa Guardi\u00f5es do Tr\u00e2nsito\" \/><\/a><\/div><div class=\"su-slider-slide\"><a href=\"https:\/\/guardioesdotransito.com.br\/recursodemulta\/wp-content\/uploads\/2022\/06\/recorrer-de-multa3.jpg\"  title=\"Recorrer multas graves de tr\u00e2nsito\"><img decoding=\"async\" src=\"https:\/\/guardioesdotransito.com.br\/recursodemulta\/wp-content\/uploads\/2022\/06\/recorrer-de-multa3-620x300.jpg\" alt=\"Recorrer multas graves de tr\u00e2nsito\" \/><\/a><\/div><div class=\"su-slider-slide\"><a href=\"https:\/\/guardioesdotransito.com.br\/recursodemulta\/wp-content\/uploads\/2022\/06\/recorrer-de-multa2.jpg\"  title=\"Recorrer multas graves de tr\u00e2nsito\"><img decoding=\"async\" src=\"https:\/\/guardioesdotransito.com.br\/recursodemulta\/wp-content\/uploads\/2022\/06\/recorrer-de-multa2-620x300.jpg\" alt=\"Recorrer multas graves de tr\u00e2nsito\" \/><\/a><\/div><div class=\"su-slider-slide\"><a href=\"https:\/\/guardioesdotransito.com.br\/recursodemulta\/wp-content\/uploads\/2022\/06\/recorrer-de-multa0.jpg\"  title=\"Recorrer Multas de Tr\u00e2nsito Guardi\u00f5es do Tr\u00e2nsito\"><img decoding=\"async\" src=\"https:\/\/guardioesdotransito.com.br\/recursodemulta\/wp-content\/uploads\/2022\/06\/recorrer-de-multa0-620x300.jpg\" alt=\"Recorrer Multas de Tr\u00e2nsito Guardi\u00f5es do Tr\u00e2nsito\" \/><\/a><\/div><div class=\"su-slider-slide\"><a href=\"https:\/\/guardioesdotransito.com.br\/recursodemulta\/wp-content\/uploads\/2022\/06\/recorrer-de-multa.jpg\"  title=\"Recorrer Multas de Tr\u00e2nsito Guardi\u00f5es do Tr\u00e2nsito\"><img decoding=\"async\" src=\"https:\/\/guardioesdotransito.com.br\/recursodemulta\/wp-content\/uploads\/2022\/06\/recorrer-de-multa-620x300.jpg\" alt=\"Recorrer Multas de Tr\u00e2nsito Guardi\u00f5es do Tr\u00e2nsito\" \/><\/a><\/div><\/div><div class=\"su-slider-nav\"><div class=\"su-slider-direction\"><span class=\"su-slider-prev\"><\/span><span class=\"su-slider-next\"><\/span><\/div><div class=\"su-slider-pagination\"><\/div><\/div><\/div>\n","protected":false},"excerpt":{"rendered":"","protected":false},"author":1,"featured_media":1311,"parent":0,"menu_order":22,"comment_status":"closed","ping_status":"closed","template":"page-templates\/template-services.php","meta":{"footnotes":"","_links_to":"","_links_to_target":""},"class_list":["post-607","page","type-page","status-publish","has-post-thumbnail","hentry"],"yoast_head":"<!-- This site is optimized with the Yoast SEO plugin v26.7 - https:\/\/yoast.com\/wordpress\/plugins\/seo\/ -->\n<title>Saiba Mais - Guardi\u00f5es do tr\u00e2nsito<\/title>\n<meta name=\"description\" content=\"Recurso de Multa Lei Seca, Recursos em processo de Cassa\u00e7\u00e3o de CNH e Suspen\u00e7\u00e3o de CNH e Contensta\u00e7\u00e3o de multas de transito\" \/>\n<meta name=\"robots\" content=\"index, follow, max-snippet:-1, max-image-preview:large, max-video-preview:-1\" \/>\n<link rel=\"canonical\" href=\"https:\/\/guardioesdotransito.com.br\/recursodemulta\/saiba-mais\/\" \/>\n<meta property=\"og:locale\" content=\"pt_BR\" \/>\n<meta property=\"og:type\" content=\"article\" \/>\n<meta property=\"og:title\" content=\"Saiba Mais - Guardi\u00f5es do tr\u00e2nsito\" \/>\n<meta property=\"og:description\" content=\"Recurso de Multa Lei Seca, Recursos em processo de Cassa\u00e7\u00e3o de CNH e Suspen\u00e7\u00e3o de CNH e Contensta\u00e7\u00e3o de multas de transito\" \/>\n<meta property=\"og:url\" content=\"https:\/\/guardioesdotransito.com.br\/recursodemulta\/saiba-mais\/\" \/>\n<meta property=\"og:site_name\" content=\"Guardi\u00f5es do tr\u00e2nsito\" \/>\n<meta property=\"article:publisher\" content=\"https:\/\/www.facebook.com\/gtassuntosdetransito\/\" \/>\n<meta property=\"article:modified_time\" content=\"2022-06-18T15:41:45+00:00\" \/>\n<meta property=\"og:image\" content=\"https:\/\/guardioesdotransito.com.br\/recursodemulta\/wp-content\/uploads\/2022\/06\/guardioes.jpg\" \/>\n\t<meta property=\"og:image:width\" content=\"1920\" \/>\n\t<meta property=\"og:image:height\" content=\"930\" \/>\n\t<meta property=\"og:image:type\" content=\"image\/jpeg\" \/>\n<meta name=\"twitter:card\" content=\"summary_large_image\" \/>\n<script type=\"application\/ld+json\" class=\"yoast-schema-graph\">{\"@context\":\"https:\/\/schema.org\",\"@graph\":[{\"@type\":\"WebPage\",\"@id\":\"https:\/\/guardioesdotransito.com.br\/recursodemulta\/saiba-mais\/\",\"url\":\"https:\/\/guardioesdotransito.com.br\/recursodemulta\/saiba-mais\/\",\"name\":\"Saiba Mais - Guardi\u00f5es do tr\u00e2nsito\",\"isPartOf\":{\"@id\":\"https:\/\/guardioesdotransito.com.br\/recursodemulta\/#website\"},\"primaryImageOfPage\":{\"@id\":\"https:\/\/guardioesdotransito.com.br\/recursodemulta\/saiba-mais\/#primaryimage\"},\"image\":{\"@id\":\"https:\/\/guardioesdotransito.com.br\/recursodemulta\/saiba-mais\/#primaryimage\"},\"thumbnailUrl\":\"https:\/\/guardioesdotransito.com.br\/recursodemulta\/wp-content\/uploads\/2022\/06\/guardioes.jpg\",\"datePublished\":\"2015-02-27T17:58:48+00:00\",\"dateModified\":\"2022-06-18T15:41:45+00:00\",\"description\":\"Recurso de Multa Lei Seca, Recursos em processo de Cassa\u00e7\u00e3o de CNH e Suspen\u00e7\u00e3o de CNH e Contensta\u00e7\u00e3o de multas de transito\",\"breadcrumb\":{\"@id\":\"https:\/\/guardioesdotransito.com.br\/recursodemulta\/saiba-mais\/#breadcrumb\"},\"inLanguage\":\"pt-BR\",\"potentialAction\":[{\"@type\":\"ReadAction\",\"target\":[\"https:\/\/guardioesdotransito.com.br\/recursodemulta\/saiba-mais\/\"]}]},{\"@type\":\"ImageObject\",\"inLanguage\":\"pt-BR\",\"@id\":\"https:\/\/guardioesdotransito.com.br\/recursodemulta\/saiba-mais\/#primaryimage\",\"url\":\"https:\/\/guardioesdotransito.com.br\/recursodemulta\/wp-content\/uploads\/2022\/06\/guardioes.jpg\",\"contentUrl\":\"https:\/\/guardioesdotransito.com.br\/recursodemulta\/wp-content\/uploads\/2022\/06\/guardioes.jpg\",\"width\":1920,\"height\":930,\"caption\":\"Guardi\u00f5es do tr\u00e2nsito Recurso de Multa RJ Recorrer Multas de Tr\u00e2nsito Guardi\u00f5es do Tr\u00e2nsito\"},{\"@type\":\"BreadcrumbList\",\"@id\":\"https:\/\/guardioesdotransito.com.br\/recursodemulta\/saiba-mais\/#breadcrumb\",\"itemListElement\":[{\"@type\":\"ListItem\",\"position\":1,\"name\":\"In\u00edcio\",\"item\":\"https:\/\/guardioesdotransito.com.br\/recursodemulta\/\"},{\"@type\":\"ListItem\",\"position\":2,\"name\":\"Saiba Mais\"}]},{\"@type\":\"WebSite\",\"@id\":\"https:\/\/guardioesdotransito.com.br\/recursodemulta\/#website\",\"url\":\"https:\/\/guardioesdotransito.com.br\/recursodemulta\/\",\"name\":\"Guardi\u00f5es do tr\u00e2nsito\",\"description\":\"Recurso de Multas\",\"publisher\":{\"@id\":\"https:\/\/guardioesdotransito.com.br\/recursodemulta\/#organization\"},\"potentialAction\":[{\"@type\":\"SearchAction\",\"target\":{\"@type\":\"EntryPoint\",\"urlTemplate\":\"https:\/\/guardioesdotransito.com.br\/recursodemulta\/?s={search_term_string}\"},\"query-input\":{\"@type\":\"PropertyValueSpecification\",\"valueRequired\":true,\"valueName\":\"search_term_string\"}}],\"inLanguage\":\"pt-BR\"},{\"@type\":\"Organization\",\"@id\":\"https:\/\/guardioesdotransito.com.br\/recursodemulta\/#organization\",\"name\":\"Guardi\u00f5es do Tr\u00e2nsito\",\"url\":\"https:\/\/guardioesdotransito.com.br\/recursodemulta\/\",\"logo\":{\"@type\":\"ImageObject\",\"inLanguage\":\"pt-BR\",\"@id\":\"https:\/\/guardioesdotransito.com.br\/recursodemulta\/#\/schema\/logo\/image\/\",\"url\":\"https:\/\/guardioesdotransito.com.br\/recursodemulta\/wp-content\/uploads\/2019\/02\/logomedioblack.png\",\"contentUrl\":\"https:\/\/guardioesdotransito.com.br\/recursodemulta\/wp-content\/uploads\/2019\/02\/logomedioblack.png\",\"width\":192,\"height\":160,\"caption\":\"Guardi\u00f5es do Tr\u00e2nsito\"},\"image\":{\"@id\":\"https:\/\/guardioesdotransito.com.br\/recursodemulta\/#\/schema\/logo\/image\/\"},\"sameAs\":[\"https:\/\/www.facebook.com\/gtassuntosdetransito\/\",\"https:\/\/www.instagram.com\/gtassuntosdetransito\/\"]}]}<\/script>\n<!-- \/ Yoast SEO plugin. -->","yoast_head_json":{"title":"Saiba Mais - Guardi\u00f5es do tr\u00e2nsito","description":"Recurso de Multa Lei Seca, Recursos em processo de Cassa\u00e7\u00e3o de CNH e Suspen\u00e7\u00e3o de CNH e Contensta\u00e7\u00e3o de multas de transito","robots":{"index":"index","follow":"follow","max-snippet":"max-snippet:-1","max-image-preview":"max-image-preview:large","max-video-preview":"max-video-preview:-1"},"canonical":"https:\/\/guardioesdotransito.com.br\/recursodemulta\/saiba-mais\/","og_locale":"pt_BR","og_type":"article","og_title":"Saiba Mais - Guardi\u00f5es do tr\u00e2nsito","og_description":"Recurso de Multa Lei Seca, Recursos em processo de Cassa\u00e7\u00e3o de CNH e Suspen\u00e7\u00e3o de CNH e Contensta\u00e7\u00e3o de multas de transito","og_url":"https:\/\/guardioesdotransito.com.br\/recursodemulta\/saiba-mais\/","og_site_name":"Guardi\u00f5es do tr\u00e2nsito","article_publisher":"https:\/\/www.facebook.com\/gtassuntosdetransito\/","article_modified_time":"2022-06-18T15:41:45+00:00","og_image":[{"width":1920,"height":930,"url":"https:\/\/guardioesdotransito.com.br\/recursodemulta\/wp-content\/uploads\/2022\/06\/guardioes.jpg","type":"image\/jpeg"}],"twitter_card":"summary_large_image","schema":{"@context":"https:\/\/schema.org","@graph":[{"@type":"WebPage","@id":"https:\/\/guardioesdotransito.com.br\/recursodemulta\/saiba-mais\/","url":"https:\/\/guardioesdotransito.com.br\/recursodemulta\/saiba-mais\/","name":"Saiba Mais - Guardi\u00f5es do tr\u00e2nsito","isPartOf":{"@id":"https:\/\/guardioesdotransito.com.br\/recursodemulta\/#website"},"primaryImageOfPage":{"@id":"https:\/\/guardioesdotransito.com.br\/recursodemulta\/saiba-mais\/#primaryimage"},"image":{"@id":"https:\/\/guardioesdotransito.com.br\/recursodemulta\/saiba-mais\/#primaryimage"},"thumbnailUrl":"https:\/\/guardioesdotransito.com.br\/recursodemulta\/wp-content\/uploads\/2022\/06\/guardioes.jpg","datePublished":"2015-02-27T17:58:48+00:00","dateModified":"2022-06-18T15:41:45+00:00","description":"Recurso de Multa Lei Seca, Recursos em processo de Cassa\u00e7\u00e3o de CNH e Suspen\u00e7\u00e3o de CNH e Contensta\u00e7\u00e3o de multas de transito","breadcrumb":{"@id":"https:\/\/guardioesdotransito.com.br\/recursodemulta\/saiba-mais\/#breadcrumb"},"inLanguage":"pt-BR","potentialAction":[{"@type":"ReadAction","target":["https:\/\/guardioesdotransito.com.br\/recursodemulta\/saiba-mais\/"]}]},{"@type":"ImageObject","inLanguage":"pt-BR","@id":"https:\/\/guardioesdotransito.com.br\/recursodemulta\/saiba-mais\/#primaryimage","url":"https:\/\/guardioesdotransito.com.br\/recursodemulta\/wp-content\/uploads\/2022\/06\/guardioes.jpg","contentUrl":"https:\/\/guardioesdotransito.com.br\/recursodemulta\/wp-content\/uploads\/2022\/06\/guardioes.jpg","width":1920,"height":930,"caption":"Guardi\u00f5es do tr\u00e2nsito Recurso de Multa RJ Recorrer Multas de Tr\u00e2nsito Guardi\u00f5es do Tr\u00e2nsito"},{"@type":"BreadcrumbList","@id":"https:\/\/guardioesdotransito.com.br\/recursodemulta\/saiba-mais\/#breadcrumb","itemListElement":[{"@type":"ListItem","position":1,"name":"In\u00edcio","item":"https:\/\/guardioesdotransito.com.br\/recursodemulta\/"},{"@type":"ListItem","position":2,"name":"Saiba Mais"}]},{"@type":"WebSite","@id":"https:\/\/guardioesdotransito.com.br\/recursodemulta\/#website","url":"https:\/\/guardioesdotransito.com.br\/recursodemulta\/","name":"Guardi\u00f5es do tr\u00e2nsito","description":"Recurso de Multas","publisher":{"@id":"https:\/\/guardioesdotransito.com.br\/recursodemulta\/#organization"},"potentialAction":[{"@type":"SearchAction","target":{"@type":"EntryPoint","urlTemplate":"https:\/\/guardioesdotransito.com.br\/recursodemulta\/?s={search_term_string}"},"query-input":{"@type":"PropertyValueSpecification","valueRequired":true,"valueName":"search_term_string"}}],"inLanguage":"pt-BR"},{"@type":"Organization","@id":"https:\/\/guardioesdotransito.com.br\/recursodemulta\/#organization","name":"Guardi\u00f5es do Tr\u00e2nsito","url":"https:\/\/guardioesdotransito.com.br\/recursodemulta\/","logo":{"@type":"ImageObject","inLanguage":"pt-BR","@id":"https:\/\/guardioesdotransito.com.br\/recursodemulta\/#\/schema\/logo\/image\/","url":"https:\/\/guardioesdotransito.com.br\/recursodemulta\/wp-content\/uploads\/2019\/02\/logomedioblack.png","contentUrl":"https:\/\/guardioesdotransito.com.br\/recursodemulta\/wp-content\/uploads\/2019\/02\/logomedioblack.png","width":192,"height":160,"caption":"Guardi\u00f5es do Tr\u00e2nsito"},"image":{"@id":"https:\/\/guardioesdotransito.com.br\/recursodemulta\/#\/schema\/logo\/image\/"},"sameAs":["https:\/\/www.facebook.com\/gtassuntosdetransito\/","https:\/\/www.instagram.com\/gtassuntosdetransito\/"]}]}},"_links":{"self":[{"href":"https:\/\/guardioesdotransito.com.br\/recursodemulta\/wp-json\/wp\/v2\/pages\/607","targetHints":{"allow":["GET"]}}],"collection":[{"href":"https:\/\/guardioesdotransito.com.br\/recursodemulta\/wp-json\/wp\/v2\/pages"}],"about":[{"href":"https:\/\/guardioesdotransito.com.br\/recursodemulta\/wp-json\/wp\/v2\/types\/page"}],"author":[{"embeddable":true,"href":"https:\/\/guardioesdotransito.com.br\/recursodemulta\/wp-json\/wp\/v2\/users\/1"}],"replies":[{"embeddable":true,"href":"https:\/\/guardioesdotransito.com.br\/recursodemulta\/wp-json\/wp\/v2\/comments?post=607"}],"version-history":[{"count":8,"href":"https:\/\/guardioesdotransito.com.br\/recursodemulta\/wp-json\/wp\/v2\/pages\/607\/revisions"}],"predecessor-version":[{"id":1338,"href":"https:\/\/guardioesdotransito.com.br\/recursodemulta\/wp-json\/wp\/v2\/pages\/607\/revisions\/1338"}],"wp:featuredmedia":[{"embeddable":true,"href":"https:\/\/guardioesdotransito.com.br\/recursodemulta\/wp-json\/wp\/v2\/media\/1311"}],"wp:attachment":[{"href":"https:\/\/guardioesdotransito.com.br\/recursodemulta\/wp-json\/wp\/v2\/media?parent=607"}],"curies":[{"name":"wp","href":"https:\/\/api.w.org\/{rel}","templated":true}]}}